{"id":7417,"date":"2023-01-25T10:39:18","date_gmt":"2023-01-25T10:39:18","guid":{"rendered":"http:\/\/bgdcqzc.cluster027.hosting.ovh.net\/?page_id=7417"},"modified":"2024-03-25T08:48:46","modified_gmt":"2024-03-25T08:48:46","slug":"mentions-legales","status":"publish","type":"page","link":"https:\/\/agripur.be\/nl\/mentions-legales\/","title":{"rendered":"Juridische informatie"},"content":{"rendered":"<div data-elementor-type=\"wp-page\" data-elementor-id=\"7417\" class=\"elementor elementor-7417\" data-elementor-post-type=\"page\">\n\t\t\t\t\t\t<section class=\"elementor-section elementor-top-section elementor-element elementor-element-0b6abdf light-style elementor-section-stretched rt-el-parallax-background elementor-section-boxed elementor-section-height-default elementor-section-height-default\" data-id=\"0b6abdf\" data-element_type=\"section\" data-e-type=\"section\" data-settings=\"{&quot;rt_color_sets&quot;:&quot;light-style&quot;,&quot;background_background&quot;:&quot;classic&quot;,&quot;stretch_section&quot;:&quot;section-stretched&quot;,&quot;rt_parallax&quot;:&quot;rt-el-parallax-background&quot;,&quot;rt_bg_parallax_effect&quot;:&quot;3&quot;,&quot;rt_bg_parallax_speed&quot;:&quot;1&quot;}\">\n\t\t\t\t\t\t<div class=\"elementor-container elementor-column-gap-default\">\n\t\t\t\t\t<section class=\"elementor-column elementor-col-100 elementor-top-column elementor-element elementor-element-5bb1116\" data-id=\"5bb1116\" data-element_type=\"column\" data-e-type=\"column\" data-settings=\"{&quot;background_background&quot;:&quot;classic&quot;}\">\n\t\t\t<div class=\"elementor-widget-wrap elementor-element-populated\">\n\t\t\t\t\t\t<div class=\"elementor-element elementor-element-88a83b9 animated-slow elementor-invisible elementor-widget elementor-widget-rt-heading\" data-id=\"88a83b9\" data-element_type=\"widget\" data-e-type=\"widget\" data-settings=\"{&quot;_animation&quot;:&quot;fadeIn&quot;}\" data-widget_type=\"rt-heading.default\">\n\t\t\t\t<div class=\"elementor-widget-container\">\n\t\t\t\t\t<div class=\"rt-heading-wrapper text-center text-mobile-center\">\n\t\t\t\t\t\t<h1 class=\"rt-heading custom-color heading-font\" >Juridische informatie<\/h1>\n\t\t\t\t\t<\/div>\t\t\t\t<\/div>\n\t\t\t\t<\/div>\n\t\t\t\t\t<\/div>\n\t\t<\/section>\n\t\t\t\t\t<\/div>\n\t\t<\/section>\n\t\t\t\t<section class=\"elementor-section elementor-top-section elementor-element elementor-element-50ea9a98 elementor-section-content-middle elementor-section-boxed elementor-section-height-default elementor-section-height-default default-style\" data-id=\"50ea9a98\" data-element_type=\"section\" data-e-type=\"section\" data-settings=\"{&quot;background_background&quot;:&quot;classic&quot;,&quot;rt_color_sets&quot;:&quot;default-style&quot;}\">\n\t\t\t\t\t\t<div class=\"elementor-container elementor-column-gap-default\">\n\t\t\t\t\t<div class=\"elementor-column elementor-col-100 elementor-top-column elementor-element elementor-element-4c8f85dc\" data-id=\"4c8f85dc\" data-element_type=\"column\" data-e-type=\"column\">\n\t\t\t<div class=\"elementor-widget-wrap elementor-element-populated\">\n\t\t\t\t\t\t<div class=\"elementor-element elementor-element-b0ff49c elementor-widget elementor-widget-text-editor\" data-id=\"b0ff49c\" data-element_type=\"widget\" data-e-type=\"widget\" data-widget_type=\"text-editor.default\">\n\t\t\t\t<div class=\"elementor-widget-container\">\n\t\t\t\t\t\t\t\t\t<p><strong>UITGEVER<\/strong><\/p>\n<p>De site&nbsp;<a href=\"http:\/\/bgdcqzc.cluster027.hosting.ovh.net\/\" target=\"_blank\" rel=\"noopener\">www.agripur.be<\/a>&nbsp;is de exclusieve eigenschap van&nbsp;<strong>Agripur SRL<\/strong>die het uitgeeft.<\/p>\n<p><strong>Agripur<\/strong><strong>&nbsp;<\/strong><b>SRL<br><\/b>Tel:&nbsp;<strong>+32(0)471\/55.29.29<br><\/strong><strong>Rue de Scourmont, 6&nbsp;<\/strong><b>5140 Sombreffe<br><\/b>Intracommunautair BTW-nummer :&nbsp;<b>BE0889409529<br><\/b>E-mailadres :&nbsp;<strong>contact@agripur.be<\/strong><br>Directeur publicatie :&nbsp;<b>Agripur SRL<br><\/b>Neem contact op met de publicatiemanager:&nbsp;<strong>contact@agripur.be<\/strong><\/p>\n<p><\/p>\n<p><strong>ACCOMMODATIE<\/strong><\/p>\n<p>De site wordt gehost door&nbsp;<strong>FastComet Inc. fastcomet.com CA 94107 San Francisco<\/strong><\/p>\n<p><\/p>\n<p><strong>BESCHRIJVING VAN DE VERLEENDE DIENSTEN<\/strong><\/p>\n<p>De site&nbsp;<a href=\"http:\/\/bgdcqzc.cluster027.hosting.ovh.net\/\" target=\"_blank\" rel=\"noopener\">www.agripur.be<\/a>&nbsp;Het doel van deze website is informatie te verstrekken over de activiteiten van de onderneming. De eigenaar van de site streeft ernaar om op de site&nbsp;<a href=\"http:\/\/bgdcqzc.cluster027.hosting.ovh.net\/\" target=\"_blank\" rel=\"noopener\">www.agripur.be<\/a>&nbsp;informatie zo nauwkeurig mogelijk. Zij kan echter niet aansprakelijk worden gesteld voor omissies, onnauwkeurigheden en tekortkomingen in de actualisering, ongeacht of deze aan haar te wijten zijn of aan derden die haar deze informatie verstrekken. Alle informatie op de site&nbsp;<a href=\"http:\/\/bgdcqzc.cluster027.hosting.ovh.net\/\" target=\"_blank\" rel=\"noopener\">www.agripur.be<\/a>&nbsp;worden louter ter informatie gegeven, zijn niet volledig en kunnen worden gewijzigd. Ze worden gegeven onder voorbehoud van wijzigingen die zijn aangebracht sinds ze online zijn gezet.&nbsp;&nbsp;<\/p>\n<p><strong>INTELLECTUELE EIGENDOM EN NAMAAK<\/strong><\/p>\n<p>De eigenaar van de site is eigenaar van de intellectuele eigendomsrechten of heeft de gebruiksrechten van alle elementen die toegankelijk zijn op de site, met name de teksten, afbeeldingen, grafieken, logo's, pictogrammen, geluiden, software. Elke reproductie, weergave, wijziging, publicatie, aanpassing van het geheel of een deel van de elementen van de site, ongeacht het gebruikte middel of proces, is verboden, behalve voorafgaande schriftelijke toestemming met het e-mailadres: contact@bgdcqzc.cluster027.hosting.ovh.net . Elk ongeoorloofd gebruik van de site of een van de elementen die deze bevat, zal worden beschouwd als een inbreuk en zal worden vervolgd in overeenstemming met de bepalingen van artikelen L.335-2 en volgende van de Franse wet op intellectueel eigendom. &nbsp;<\/p>\n<p><strong>HYPERLINKS EN COOKIES<\/strong><\/p>\n<p>De site&nbsp;<a href=\"http:\/\/bgdcqzc.cluster027.hosting.ovh.net\/\" target=\"_blank\" rel=\"noopener\">www.agripur.be<\/a>&nbsp;bevat een aantal hyperlinks naar andere sites (partners, informatie, enz.) die zijn opgezet met toestemming van de eigenaar van de site. De eigenaar van de site heeft echter niet de mogelijkheid om de inhoud van de sites die op deze manier worden bezocht te controleren en wijst daarom alle verantwoordelijkheid af voor eventuele risico's van illegale inhoud. Gebruikers worden ge\u00efnformeerd dat tijdens hun bezoek aan de site&nbsp;<a href=\"http:\/\/bgdcqzc.cluster027.hosting.ovh.net\/\" target=\"_blank\" rel=\"noopener\">www.agripur.be<\/a>Als een gebruiker een website gebruikt, kunnen automatisch een of meer cookies op de computer van de gebruiker worden ge\u00efnstalleerd. Een cookie is een klein bestand waarmee de gebruiker niet kan worden ge\u00efdentificeerd, maar dat informatie over de navigatie van een computer op een site registreert. De aldus verkregen gegevens zijn bedoeld om latere navigatie op de site te vergemakkelijken, en zijn ook bedoeld om verschillende metingen van de frequentie mogelijk te maken. Via de parameterinstelling van de navigatiesoftware kan de gebruiker ge\u00efnformeerd worden over de aanwezigheid van een cookie en deze eventueel weigeren op de manier die op het volgende adres wordt beschreven: www.cnil.fr Het weigeren van de installatie van een cookie kan de toegang tot bepaalde diensten onmogelijk maken. De gebruiker kan zijn computer echter op de volgende manier configureren om de installatie van cookies te weigeren: In Internet Explorer: tabblad Extra \/ Internetopties. Klik op Vertrouwelijkheid en kies Alle cookies blokkeren. Valideer met Ok. Onder Netscape: tabblad bewerken \/ voorkeuren. Klik op Geavanceerd en kies Cookies uitschakelen. Valideer met Ok. &nbsp;<\/p>\n<p><strong>BESCHERMING VAN GOEDEREN EN PERSONEN - BEHEER VAN PERSOONSGEGEVENS<\/strong><\/p>\n<p>Op de website&nbsp;<a style=\"background-color: #f7f8f9;\" href=\"http:\/\/bgdcqzc.cluster027.hosting.ovh.net\/\" target=\"_blank\" rel=\"noopener\">www.agripur.be<\/a>De eigenaar van de site verzamelt alleen persoonlijke informatie over de gebruiker met het oog op bepaalde diensten die door de site worden aangeboden.&nbsp;<a style=\"background-color: #f7f8f9;\" href=\"http:\/\/bgdcqzc.cluster027.hosting.ovh.net\/\" target=\"_blank\" rel=\"noopener\">www.agripur.be<\/a>. De gebruiker verstrekt deze informatie met volledige kennis van zaken, met name wanneer hij deze invoert. Het wordt dan gespecificeerd aan de gebruiker van de site&nbsp;<a style=\"background-color: #f7f8f9;\" href=\"http:\/\/bgdcqzc.cluster027.hosting.ovh.net\/\" target=\"_blank\" rel=\"noopener\">www.agripur.be<\/a>&nbsp;de verplichting om deze informatie al dan niet te verstrekken. Overeenkomstig de bepalingen van de artikelen 38 en volgende van wet 78-17 van 6 januari 1978 inzake informatica, bestanden en vrijheden, heeft elke gebruiker het recht van toegang, rectificatie, verwijdering en verzet van de hem betreffende persoonsgegevens. Om dit recht uit te oefenen, stuurt u uw verzoek naar&nbsp;<a style=\"background-color: #f7f8f9;\" href=\"http:\/\/bgdcqzc.cluster027.hosting.ovh.net\/\" target=\"_blank\" rel=\"noopener\">www.agripur.be<\/a>&nbsp;per e-mail: e-mail van de webmaster of door het sturen van een schriftelijke en ondertekende aanvraag, vergezeld van een kopie van het identiteitsbewijs met handtekening van de houder van het document, met vermelding van het adres waarnaar het antwoord moet worden gestuurd.<\/p>\n<p>Geen persoonlijke informatie van de gebruiker van de site&nbsp;<a href=\"http:\/\/bgdcqzc.cluster027.hosting.ovh.net\/\" target=\"_blank\" rel=\"noopener\">www.agripur.be<\/a>&nbsp;zonder medeweten van de gebruiker wordt gepubliceerd, uitgewisseld, overgedragen, afgestaan of verkocht op welk medium dan ook aan derden. Alleen de veronderstelling van de aankoop van het terrein&nbsp;<a href=\"http:\/\/bgdcqzc.cluster027.hosting.ovh.net\/\" target=\"_blank\" rel=\"noopener\">www.agripur.be<\/a>&nbsp;aan de eigenaar van de site en zijn rechten zou de overdracht van voornoemde informatie aan de eventuele koper mogelijk maken, die op zijn beurt zou worden gehouden aan dezelfde verplichting van bewaring en wijziging van de gegevens met betrekking tot de gebruiker van de site.&nbsp;<a href=\"http:\/\/bgdcqzc.cluster027.hosting.ovh.net\/\" target=\"_blank\" rel=\"noopener\">www.agripur.be<\/a>.<\/p>\n<p>De site&nbsp;<a href=\"http:\/\/bgdcqzc.cluster027.hosting.ovh.net\/\" target=\"_blank\" rel=\"noopener\">www.agripur.be<\/a>&nbsp;voldoet aan de RGPD zie ons RGPD beleid&nbsp;&nbsp;<a href=\"http:\/\/bgdcqzc.cluster027.hosting.ovh.net\/conditions-generales\/\">http:\/\/bgdcqzc.cluster027.hosting.ovh.net\/conditions-generales\/<\/a>.<\/p>\t\t\t\t\t\t\t\t<\/div>\n\t\t\t\t<\/div>\n\t\t\t\t\t<\/div>\n\t\t<\/div>\n\t\t\t\t\t<\/div>\n\t\t<\/section>\n\t\t\t\t<\/div>","protected":false},"excerpt":{"rendered":"<p>Mentions l\u00e9gales \u00c9DITEUR Le site\u00a0www.agripur.be\u00a0est la propri\u00e9t\u00e9 exclusive de\u00a0Agripur SRL, qui l&rsquo;\u00e9dite. Agripur\u00a0SRL T\u00e9l\u00a0 :\u00a0+32(0)471\/55.29.29 Rue de Scourmont, 6\u00a05140 Sombreffe Num\u00e9ro TVA intracommunautaire :\u00a0BE0889409529 Adresse de courrier \u00e9lectronique :\u00a0contact@agripur.be Directeur de la\u00a0 publication\u00a0:\u00a0Agripur SRL Contactez le responsable de la publication :\u00a0contact@agripur.be H\u00c9BERGEMENT Le site est h\u00e9berg\u00e9\u00a0par\u00a0FastComet Inc. fastcomet.com CA 94107 San Francisco DESCRIPTION DES SERVICES [&hellip;]<\/p>\n","protected":false},"author":1,"featured_media":0,"parent":0,"menu_order":0,"comment_status":"closed","ping_status":"closed","template":"","meta":{"footnotes":""},"class_list":["post-7417","page","type-page","status-publish","hentry"],"aioseo_notices":[],"_links":{"self":[{"href":"https:\/\/agripur.be\/nl\/wp-json\/wp\/v2\/pages\/7417","targetHints":{"allow":["GET"]}}],"collection":[{"href":"https:\/\/agripur.be\/nl\/wp-json\/wp\/v2\/pages"}],"about":[{"href":"https:\/\/agripur.be\/nl\/wp-json\/wp\/v2\/types\/page"}],"author":[{"embeddable":true,"href":"https:\/\/agripur.be\/nl\/wp-json\/wp\/v2\/users\/1"}],"replies":[{"embeddable":true,"href":"https:\/\/agripur.be\/nl\/wp-json\/wp\/v2\/comments?post=7417"}],"version-history":[{"count":12,"href":"https:\/\/agripur.be\/nl\/wp-json\/wp\/v2\/pages\/7417\/revisions"}],"predecessor-version":[{"id":7654,"href":"https:\/\/agripur.be\/nl\/wp-json\/wp\/v2\/pages\/7417\/revisions\/7654"}],"wp:attachment":[{"href":"https:\/\/agripur.be\/nl\/wp-json\/wp\/v2\/media?parent=7417"}],"curies":[{"name":"wp","href":"https:\/\/api.w.org\/{rel}","templated":true}]}}