{"id":6917,"date":"2020-06-25T13:07:05","date_gmt":"2020-06-25T13:07:05","guid":{"rendered":"http:\/\/bgdcqzc.cluster027.hosting.ovh.net\/?page_id=6917"},"modified":"2025-01-30T09:37:23","modified_gmt":"2025-01-30T09:37:23","slug":"conditions-generales","status":"publish","type":"page","link":"https:\/\/agripur.be\/nl\/conditions-generales\/","title":{"rendered":"Algemene voorwaarden"},"content":{"rendered":"<div data-elementor-type=\"wp-page\" data-elementor-id=\"6917\" class=\"elementor elementor-6917\" data-elementor-post-type=\"page\">\n\t\t\t\t\t\t<section class=\"elementor-section elementor-top-section elementor-element elementor-element-0b6abdf elementor-section-content-middle elementor-section-boxed elementor-section-height-default elementor-section-height-default default-style\" data-id=\"0b6abdf\" data-element_type=\"section\" data-e-type=\"section\" data-settings=\"{&quot;background_background&quot;:&quot;classic&quot;,&quot;rt_color_sets&quot;:&quot;default-style&quot;}\">\n\t\t\t\t\t\t<div class=\"elementor-container elementor-column-gap-default\">\n\t\t\t\t\t<section class=\"elementor-column elementor-col-100 elementor-top-column elementor-element elementor-element-5bb1116\" data-id=\"5bb1116\" data-element_type=\"column\" data-e-type=\"column\" data-settings=\"{&quot;background_background&quot;:&quot;classic&quot;}\">\n\t\t\t<div class=\"elementor-widget-wrap elementor-element-populated\">\n\t\t\t\t\t\t<div class=\"elementor-element elementor-element-88a83b9 animated-slow elementor-invisible elementor-widget elementor-widget-rt-heading\" data-id=\"88a83b9\" data-element_type=\"widget\" data-e-type=\"widget\" data-settings=\"{&quot;_animation&quot;:&quot;fadeIn&quot;}\" data-widget_type=\"rt-heading.default\">\n\t\t\t\t<div class=\"elementor-widget-container\">\n\t\t\t\t\t<div class=\"rt-heading-wrapper text-center text-mobile-center\">\n\t\t\t\t\t\t<h1 class=\"rt-heading custom-color heading-font\" >Algemene voorwaarden<\/h1>\n\t\t\t\t\t<\/div>\t\t\t\t<\/div>\n\t\t\t\t<\/div>\n\t\t\t\t\t<\/div>\n\t\t<\/section>\n\t\t\t\t\t<\/div>\n\t\t<\/section>\n\t\t\t\t<section class=\"elementor-section elementor-top-section elementor-element elementor-element-5c107c4 elementor-section-content-middle elementor-section-boxed elementor-section-height-default elementor-section-height-default default-style\" data-id=\"5c107c4\" data-element_type=\"section\" data-e-type=\"section\" data-settings=\"{&quot;background_background&quot;:&quot;classic&quot;,&quot;rt_color_sets&quot;:&quot;default-style&quot;}\">\n\t\t\t\t\t\t<div class=\"elementor-container elementor-column-gap-default\">\n\t\t\t\t\t<div class=\"elementor-column elementor-col-100 elementor-top-column elementor-element elementor-element-1e74147\" data-id=\"1e74147\" data-element_type=\"column\" data-e-type=\"column\">\n\t\t\t<div class=\"elementor-widget-wrap elementor-element-populated\">\n\t\t\t\t\t\t<div class=\"elementor-element elementor-element-bfd8dbf elementor-widget elementor-widget-text-editor\" data-id=\"bfd8dbf\" data-element_type=\"widget\" data-e-type=\"widget\" data-widget_type=\"text-editor.default\">\n\t\t\t\t<div class=\"elementor-widget-container\">\n\t\t\t\t\t\t\t\t\t<p><strong>Verkoopvoorwaarden<\/strong><\/p><ol><li><p><strong>Kennis en acceptatie<\/strong><br \/>De klant wordt geacht deze algemene voorwaarden te kennen en te aanvaarden wanneer hij producten bestelt bij AGRIPUR srl. Op verzoek wordt een vertaling in de taal van de klant verstrekt.<\/p><\/li><li><p><strong>Orderbevestiging<\/strong><br \/>Een verkoop wordt pas als definitief beschouwd na schriftelijke bevestiging door AGRIPUR srl. Onze agenten en vertegenwoordigers zijn niet gemachtigd om ons bedrijf te binden.<\/p><\/li><li><p><strong>Eigendomsvoorbehoud<\/strong><br \/>De producten blijven eigendom van AGRIPUR srl tot volledige betaling. De risico's worden overgedragen aan de klant bij levering. Onze vertegenwoordigers zijn niet gemachtigd om betalingen te ontvangen.<\/p><\/li><li><p><strong>Plaats van verkoop en transport<\/strong><br \/>De verkoop wordt geacht plaats te vinden in Sombreffe. Goederen worden beschouwd als verkocht en goedgekeurd bij vertrek en reizen op risico van de ontvanger, zelfs in geval van franco of CIF. Schade onderweg valt onder de verantwoordelijkheid van de koper, die de vervoerder moet aanspreken.<\/p><\/li><li><p><strong>Betalingsvoorwaarden<\/strong><br \/>Betaling dient te geschieden per bankoverschrijving binnen 30 dagen na het einde van de maand vanaf de factuurdatum. In geval van niet-betaling zal een herinnering worden verstuurd voordat de ingebrekestelling en de kosten in rekening worden gebracht. Rente van 12% per jaar zal in rekening worden gebracht vanaf de vervaldatum. AGRIPUR srl behoudt zich het recht voor om leveringen op te schorten en het contract te be\u00ebindigen in geval van wanbetaling.<\/p><\/li><li><p><strong>Aankopen onder de \u20ac50<\/strong><br \/>Alle aankopen onder de \u20ac50 moeten v\u00f3\u00f3r levering worden betaald.<\/p><\/li><li><p><strong>Schade<\/strong><br \/>Alle klachten moeten binnen 7 dagen na levering per aangetekende brief worden ingediend. Na deze periode wordt geen enkele klacht aanvaard. Betaling van goederen mag niet worden opgeschort op grond van een klacht.<\/p><\/li><li><p><strong>Garantie<\/strong><br \/>Onze producten hebben een garantie van drie maanden vanaf de datum van levering. In geval van een defect zullen wij het product vervangen of vernieuwen, zonder de oorspronkelijke garantie te verlengen. De garantie is alleen geldig als de producten worden bewaard volgens de regels die zijn opgesteld door AGRIPUR srl, in het bijzonder door ze te bewaren op een donkere plaats en bij een temperatuur onder de 20\u00b0C. AGRIPUR srl wijst alle verantwoordelijkheid af voor schade veroorzaakt aan gewassen, dieren of mensen als gevolg van het gebruik of de opslag van onze producten.<\/p><\/li><li><p><strong>Vertrouwelijkheid en gegevensbescherming<\/strong><br \/>De persoonlijke gegevens van klanten worden verwerkt in overeenstemming met de huidige wetgeving inzake gegevensbescherming. AGRIPUR srl verbindt zich ertoe deze informatie niet aan derden door te geven zonder toestemming van de klant.<\/p><\/li><li><p><strong>Overmacht<\/strong><br \/>AGRIPUR srl kan niet aansprakelijk worden gesteld voor vertraging of niet-nakoming van zijn contractuele verplichtingen in geval van overmacht, met inbegrip van maar niet beperkt tot natuurrampen, gewapende conflicten, stakingen of transportonderbrekingen.<\/p><\/li><li><p><strong>Beperking van aansprakelijkheid<\/strong><br \/>De aansprakelijkheid van AGRIPUR srl is beperkt tot directe schade en geldt niet voor indirecte schade, gevolgschade of immateri\u00eble schade. In elk geval zal de totale aansprakelijkheid van AGRIPUR srl het totale bedrag van de bestelling niet overschrijden.<\/p><\/li><li><p><strong>Wijziging van de voorwaarden<\/strong><br \/>AGRIPUR srl behoudt zich het recht voor om deze algemene voorwaarden te allen tijde te wijzigen. De wijzigingen zullen van toepassing zijn zodra ze op onze website worden gepubliceerd of aan de klant worden meegedeeld.<\/p><\/li><li><p><strong>Toepasselijk recht en jurisdictie<\/strong><br \/>Elk geschil met betrekking tot het contract wordt beheerst door Belgisch recht en is onderworpen aan de exclusieve bevoegdheid van de rechtbanken van Namen.<\/p><\/li><\/ol>\t\t\t\t\t\t\t\t<\/div>\n\t\t\t\t<\/div>\n\t\t\t\t\t<\/div>\n\t\t<\/div>\n\t\t\t\t\t<\/div>\n\t\t<\/section>\n\t\t\t\t<\/div>","protected":false},"excerpt":{"rendered":"<p>Conditions g\u00e9n\u00e9rales Conditions G\u00e9n\u00e9rales de Vente Connaissance et AcceptationLe client est r\u00e9put\u00e9 conna\u00eetre et accepter les pr\u00e9sentes conditions g\u00e9n\u00e9rales de vente d\u00e8s la commande des produits \u00e9manant de la soci\u00e9t\u00e9 AGRIPUR srl. Une traduction dans la langue du client sera fournie sur demande. Confirmation de CommandeUne vente n&rsquo;est consid\u00e9r\u00e9e comme d\u00e9finitive qu&rsquo;apr\u00e8s envoi d&rsquo;une confirmation [&hellip;]<\/p>\n","protected":false},"author":1,"featured_media":0,"parent":0,"menu_order":0,"comment_status":"closed","ping_status":"closed","template":"","meta":{"footnotes":""},"class_list":["post-6917","page","type-page","status-publish","hentry"],"aioseo_notices":[],"_links":{"self":[{"href":"https:\/\/agripur.be\/nl\/wp-json\/wp\/v2\/pages\/6917","targetHints":{"allow":["GET"]}}],"collection":[{"href":"https:\/\/agripur.be\/nl\/wp-json\/wp\/v2\/pages"}],"about":[{"href":"https:\/\/agripur.be\/nl\/wp-json\/wp\/v2\/types\/page"}],"author":[{"embeddable":true,"href":"https:\/\/agripur.be\/nl\/wp-json\/wp\/v2\/users\/1"}],"replies":[{"embeddable":true,"href":"https:\/\/agripur.be\/nl\/wp-json\/wp\/v2\/comments?post=6917"}],"version-history":[{"count":13,"href":"https:\/\/agripur.be\/nl\/wp-json\/wp\/v2\/pages\/6917\/revisions"}],"predecessor-version":[{"id":8072,"href":"https:\/\/agripur.be\/nl\/wp-json\/wp\/v2\/pages\/6917\/revisions\/8072"}],"wp:attachment":[{"href":"https:\/\/agripur.be\/nl\/wp-json\/wp\/v2\/media?parent=6917"}],"curies":[{"name":"wp","href":"https:\/\/api.w.org\/{rel}","templated":true}]}}