{"id":5075,"date":"2018-02-25T11:40:22","date_gmt":"2018-02-25T11:40:22","guid":{"rendered":"https:\/\/naturalife.rtthemes.com\/demo\/?page_id=5075"},"modified":"2025-02-12T13:42:51","modified_gmt":"2025-02-12T13:42:51","slug":"a-propos","status":"publish","type":"page","link":"https:\/\/agripur.be\/nl\/a-propos\/","title":{"rendered":"Over ons"},"content":{"rendered":"<div data-elementor-type=\"wp-post\" data-elementor-id=\"5075\" class=\"elementor elementor-5075\" data-elementor-post-type=\"page\">\n\t\t\t\t\t\t<section class=\"elementor-section elementor-top-section elementor-element elementor-element-e9b462b elementor-section-content-middle elementor-section-boxed elementor-section-height-default elementor-section-height-default default-style\" data-id=\"e9b462b\" data-element_type=\"section\" data-e-type=\"section\" data-settings=\"{&quot;background_background&quot;:&quot;classic&quot;,&quot;shape_divider_bottom&quot;:&quot;opacity-tilt&quot;,&quot;rt_color_sets&quot;:&quot;default-style&quot;}\">\n\t\t\t\t\t<div class=\"elementor-shape elementor-shape-bottom\" aria-hidden=\"true\" data-negative=\"false\">\n\t\t\t<svg xmlns=\"http:\/\/www.w3.org\/2000\/svg\" viewbox=\"0 0 2600 131.1\" preserveaspectratio=\"none\">\n\t<path class=\"elementor-shape-fill\" d=\"M0 0L2600 0 2600 69.1 0 0z\"\/>\n\t<path class=\"elementor-shape-fill\" style=\"opacity:0.5\" d=\"M0 0L2600 0 2600 69.1 0 69.1z\"\/>\n\t<path class=\"elementor-shape-fill\" style=\"opacity:0.25\" d=\"M2600 0L0 0 0 130.1 2600 69.1z\"\/>\n<\/svg>\t\t<\/div>\n\t\t\t\t\t<div class=\"elementor-container elementor-column-gap-default\">\n\t\t\t\t\t<div class=\"elementor-column elementor-col-50 elementor-top-column elementor-element elementor-element-b46180a\" data-id=\"b46180a\" data-element_type=\"column\" data-e-type=\"column\">\n\t\t\t<div class=\"elementor-widget-wrap elementor-element-populated\">\n\t\t\t\t\t\t<div class=\"elementor-element elementor-element-23226ef elementor-widget elementor-widget-rt-heading\" data-id=\"23226ef\" data-element_type=\"widget\" data-e-type=\"widget\" data-widget_type=\"rt-heading.default\">\n\t\t\t\t<div class=\"elementor-widget-container\">\n\t\t\t\t\t<div class=\"rt-heading-wrapper style-2\">\n\t\t\t\t\t\t<h1 class=\"rt-heading style-2\" >Ons verhaal<svg width=\"95\" height=\"10\" viewbox=\"0 0 95 10\" xmlns=\"http:\/\/www.w3.org\/2000\/svg\"><path d=\"M1 8l11.54-6 11.538 6 11.54-6 11.538 6 11.538-6 11.54 6L81.77 2 94 8\" stroke-width=\"3\" stroke=\"#6CC139\" fill=\"none\" fill-rule=\"evenodd\"\/><\/svg><\/h1>\n\t\t\t\t\t<\/div>\t\t\t\t<\/div>\n\t\t\t\t<\/div>\n\t\t\t\t<div class=\"elementor-element elementor-element-3779354 elementor-widget elementor-widget-text-editor\" data-id=\"3779354\" data-element_type=\"widget\" data-e-type=\"widget\" data-widget_type=\"text-editor.default\">\n\t\t\t\t<div class=\"elementor-widget-container\">\n\t\t\t\t\t\t\t\t\t<h6>Agripur is een Belgische speler die actief is op de markt van biosolutions en organische meststoffen.<\/h6><p>Het bedrijf is opgericht in 2019 en wordt geleid door een groep innovatieve boeren die vooruit willen lopen op de geleidelijke afschaffing van chemische middelen door geloofwaardige alternatieven te ontwikkelen. Een van deze alternatieven is brandnetel, een natuurlijk product met vele deugden die al sinds de oudheid bekend zijn.<\/p><p>Het verhaal begint met het onderzoekswerk van professor Christian Marche, directeur van het Centre des Technologies Agronomiques (CTA) in Str\u00e9e. Hij zette een lang en nauwgezet selectieprogramma op, gebaseerd op meer dan 3000 stalen van wilde brandnetels verzameld in Belgi\u00eb. Het programma resulteerde in de ontwikkeling van een cultiveerbare, voedselrijke brandnetelvari\u00ebteit.<\/p><p class=\"translation-block\">In 2017 erkende Europa, onder impuls van het ITAB (Institut de l\u2019agriculture et l\u2019alimentation biologiques), de brandnetel (Urtica dioica) voor zijn schimmeldodende, insectendodende en acaricide eigenschappen. Hierdoor werd de commercialisering ervan gefaciliteerd dankzij de erkenning als \"basisstof\".<\/p><p>Dat was voldoende om Georges Beguin ervan te overtuigen brandnetelpercelen aan te planten en het avontuur aan te gaan. Georges, oprichter en directeur van het bedrijf, is actief in de regio rond Sombreffe en heeft een schuur omgebouwd tot een echte productie-eenheid om een Waalse productieketen voor brandnetelmest te ontwikkelen. Het bedrijf bestaat uit landbouwers die brandnetelmest produceren, een mestverwerkingsbedrijf en partners met een afzetmarkt.<\/p>\t\t\t\t\t\t\t\t<\/div>\n\t\t\t\t<\/div>\n\t\t\t\t\t<\/div>\n\t\t<\/div>\n\t\t\t\t<div class=\"elementor-column elementor-col-50 elementor-top-column elementor-element elementor-element-95ea11b\" data-id=\"95ea11b\" data-element_type=\"column\" data-e-type=\"column\">\n\t\t\t<div class=\"elementor-widget-wrap elementor-element-populated\">\n\t\t\t\t\t\t<div class=\"elementor-element elementor-element-e45264c elementor-widget elementor-widget-image\" data-id=\"e45264c\" data-element_type=\"widget\" data-e-type=\"widget\" data-widget_type=\"image.default\">\n\t\t\t\t<div class=\"elementor-widget-container\">\n\t\t\t\t\t\t\t\t\t\t\t\t\t\t\t<img fetchpriority=\"high\" decoding=\"async\" width=\"276\" height=\"300\" src=\"https:\/\/agripur.be\/wp-content\/uploads\/2020\/04\/Agripur_logo-1-276x300.png\" class=\"attachment-medium size-medium wp-image-6625\" alt=\"Logo Agripur\" srcset=\"https:\/\/agripur.be\/wp-content\/uploads\/2020\/04\/Agripur_logo-1-276x300.png 276w, https:\/\/agripur.be\/wp-content\/uploads\/2020\/04\/Agripur_logo-1-261x284.png 261w, https:\/\/agripur.be\/wp-content\/uploads\/2020\/04\/Agripur_logo-1-393x427.png 393w, https:\/\/agripur.be\/wp-content\/uploads\/2020\/04\/Agripur_logo-1-290x315.png 290w, https:\/\/agripur.be\/wp-content\/uploads\/2020\/04\/Agripur_logo-1.png 523w\" sizes=\"(max-width: 276px) 100vw, 276px\" \/>\t\t\t\t\t\t\t\t\t\t\t\t\t\t\t<\/div>\n\t\t\t\t<\/div>\n\t\t\t\t<div class=\"elementor-element elementor-element-102bbb12 elementor-widget elementor-widget-rt-timeline\" data-id=\"102bbb12\" data-element_type=\"widget\" data-e-type=\"widget\" data-widget_type=\"rt-timeline.default\">\n\t\t\t\t<div class=\"elementor-widget-container\">\n\t\t\t\t\t\t \n\t\t<div  class=\"timeline style-2\">\n\t\t\t \n\t\t<div  >\n\t\t\t \n\t\t<span class=\"event-date\">\n\t\t\t<span class=\"month\">Mei<\/span><span class=\"year\">2017<\/span>\n\t\t<\/span>\n\t<div class=\"event-details\"><h4 class=\"event-title\">De eerste velden met brandnetels planten<\/h4><\/div>\n\t\t<\/div>\n\t\t \n\t\t<div  >\n\t\t\t \n\t\t<span class=\"event-date\">\n\t\t\t<span class=\"month\">Juni<\/span><span class=\"year\">2019<\/span>\n\t\t<\/span>\n\t<div class=\"event-details\"><h4 class=\"event-title\">Installatie van de productie-eenheid<\/h4><\/div>\n\t\t<\/div>\n\t\t \n\t\t<div  >\n\t\t\t \n\t\t<span class=\"event-date\">\n\t\t\t<span class=\"month\">Januari<\/span><span class=\"year\">2020<\/span>\n\t\t<\/span>\n\t<div class=\"event-details\"><h4 class=\"event-title\">Start van de commercialisering van Purtica<\/h4><\/div>\n\t\t<\/div>\n\t\t \n\t\t<div  >\n\t\t\t \n\t\t<span class=\"event-date\">\n\t\t\t<span class=\"month\">Oktober<\/span><span class=\"year\">2022<\/span>\n\t\t<\/span>\n\t<div class=\"event-details\"><h4 class=\"event-title\">Start van de commercialisering van Purella<\/h4><\/div>\n\t\t<\/div>\n\t\t \n\t\t<div  >\n\t\t\t \n\t\t<span class=\"event-date\">\n\t\t\t<span class=\"month\">December<\/span><span class=\"year\">2023<\/span>\n\t\t<\/span>\n\t<div class=\"event-details\"><h4 class=\"event-title\">SYMPHYPUR gaat in de verkoop<\/h4><\/div>\n\t\t<\/div>\n\t\t \n\t\t<div  >\n\t\t\t \n\t\t<span class=\"event-date\">\n\t\t\t<span class=\"month\">Januari<\/span><span class=\"year\">2025<\/span>\n\t\t<\/span>\n\t<div class=\"event-details\"><h4 class=\"event-title\">PURALLIUM en PURMIX 3 gaan in de verkoop<\/h4><\/div>\n\t\t<\/div>\n\t\n\t\t<\/div>\n\t\t\t\t\t<\/div>\n\t\t\t\t<\/div>\n\t\t\t\t\t<\/div>\n\t\t<\/div>\n\t\t\t\t\t<\/div>\n\t\t<\/section>\n\t\t\t\t<section class=\"elementor-section elementor-top-section elementor-element elementor-element-8b7e264 elementor-section-content-middle elementor-section-boxed elementor-section-height-default elementor-section-height-default default-style\" data-id=\"8b7e264\" data-element_type=\"section\" data-e-type=\"section\" data-settings=\"{&quot;background_background&quot;:&quot;classic&quot;,&quot;shape_divider_top&quot;:&quot;opacity-tilt&quot;,&quot;rt_color_sets&quot;:&quot;default-style&quot;}\">\n\t\t\t\t\t<div class=\"elementor-shape elementor-shape-top\" aria-hidden=\"true\" data-negative=\"false\">\n\t\t\t<svg xmlns=\"http:\/\/www.w3.org\/2000\/svg\" viewbox=\"0 0 2600 131.1\" preserveaspectratio=\"none\">\n\t<path class=\"elementor-shape-fill\" d=\"M0 0L2600 0 2600 69.1 0 0z\"\/>\n\t<path class=\"elementor-shape-fill\" style=\"opacity:0.5\" d=\"M0 0L2600 0 2600 69.1 0 69.1z\"\/>\n\t<path class=\"elementor-shape-fill\" style=\"opacity:0.25\" d=\"M2600 0L0 0 0 130.1 2600 69.1z\"\/>\n<\/svg>\t\t<\/div>\n\t\t\t\t\t<div class=\"elementor-container elementor-column-gap-default\">\n\t\t\t\t\t<div class=\"elementor-column elementor-col-50 elementor-top-column elementor-element elementor-element-421e191c\" data-id=\"421e191c\" data-element_type=\"column\" data-e-type=\"column\">\n\t\t\t<div class=\"elementor-widget-wrap elementor-element-populated\">\n\t\t\t\t\t\t<div class=\"elementor-element elementor-element-1bf60ac1 elementor-widget elementor-widget-rt-heading\" data-id=\"1bf60ac1\" data-element_type=\"widget\" data-e-type=\"widget\" data-widget_type=\"rt-heading.default\">\n\t\t\t\t<div class=\"elementor-widget-container\">\n\t\t\t\t\t<div class=\"rt-heading-wrapper style-2\">\n\t\t\t\t\t\t<h3 class=\"rt-heading style-2\" >Onze faciliteiten<svg width=\"95\" height=\"10\" viewbox=\"0 0 95 10\" xmlns=\"http:\/\/www.w3.org\/2000\/svg\"><path d=\"M1 8l11.54-6 11.538 6 11.54-6 11.538 6 11.538-6 11.54 6L81.77 2 94 8\" stroke-width=\"3\" stroke=\"#6CC139\" fill=\"none\" fill-rule=\"evenodd\"\/><\/svg><\/h3>\n\t\t\t\t\t<\/div>\t\t\t\t<\/div>\n\t\t\t\t<\/div>\n\t\t\t\t<div class=\"elementor-element elementor-element-533384b9 elementor-widget elementor-widget-text-editor\" data-id=\"533384b9\" data-element_type=\"widget\" data-e-type=\"widget\" data-widget_type=\"text-editor.default\">\n\t\t\t\t<div class=\"elementor-widget-container\">\n\t\t\t\t\t\t\t\t\t<p>Agripur ontwikkelde zijn eigen productieprocessen. Een voorstudie in samenwerking met industri\u00eble partners heeft geleid tot de bouw van een professionele productie-eenheid om aan de groeiende vraag te voldoen.<\/p><p>Brandnetels uit een lang selectieprogramma worden overgeplant op diverse landbouwgronden en worden nu geteeld, zodat we de hele productieketen kunnen controleren.<\/p>\t\t\t\t\t\t\t\t<\/div>\n\t\t\t\t<\/div>\n\t\t\t\t<div class=\"elementor-element elementor-element-65ae1e7e elementor-widget elementor-widget-rt-photo-gallery\" data-id=\"65ae1e7e\" data-element_type=\"widget\" data-e-type=\"widget\" data-widget_type=\"rt-photo-gallery.default\">\n\t\t\t\t<div class=\"elementor-widget-container\">\n\t\t\t\t\t\r\n\t\t\t<div class=\"rt-gallery  row metro-gallery\"  >\r\n\t\t\t\t\t<div class=\"col rt-dynamic double-height double-width\">\r\n\t\t\t\t\t\t<div class=\"gallery-item-holder has-overlay\">\r\n\t\t\t\t\t\t\t\r\n\t\t\t\t\t\t\t\t\t\t\t\t\t\t\t<div class=\"image-thumbnail\">\r\n\t\t\t\t\t\t\t\t\t\t\t\t\t\t\t\t<img decoding=\"async\" src=\"https:\/\/agripur.be\/wp-content\/uploads\/2020\/06\/agripur-usine-1-scaled-900x900.jpg\" alt=\"Agripur usine\" width=\"900\" height=\"900\">\r\n\t\t\t\t\t\t\t\t\t\t\t\t\t\t\t<\/div>\r\n\t\t\t\t\t\t\t\t\t\t\t\t\t\t\t\r\n\t\t\t\t\t\t<\/div>\r\n\t\t\t\t\t<\/div>\r\n\t\t\t\t\t<div class=\"col rt-dynamic\">\r\n\t\t\t\t\t\t<div class=\"gallery-item-holder has-overlay\">\r\n\t\t\t\t\t\t\t\r\n\t\t\t\t\t\t\t\t\t\t\t\t\t\t\t<div class=\"image-thumbnail\">\r\n\t\t\t\t\t\t\t\t\t\t\t\t\t\t\t\t<img decoding=\"async\" src=\"https:\/\/agripur.be\/wp-content\/uploads\/2020\/06\/agripur-usine-2-scaled-900x900.jpg\" alt=\"usine Agripur sombreffe purin d&#039;ortie\" width=\"900\" height=\"900\">\r\n\t\t\t\t\t\t\t\t\t\t\t\t\t\t\t<\/div>\r\n\t\t\t\t\t\t\t\t\t\t\t\t\t\t\t\r\n\t\t\t\t\t\t<\/div>\r\n\t\t\t\t\t<\/div>\r\n\t\t\t\t\t<div class=\"col rt-dynamic\">\r\n\t\t\t\t\t\t<div class=\"gallery-item-holder has-overlay\">\r\n\t\t\t\t\t\t\t\r\n\t\t\t\t\t\t\t\t\t\t\t\t\t\t\t<div class=\"image-thumbnail\">\r\n\t\t\t\t\t\t\t\t\t\t\t\t\t\t\t\t<img loading=\"lazy\" decoding=\"async\" src=\"https:\/\/agripur.be\/wp-content\/uploads\/2020\/06\/agripur-usine-3-scaled-900x900.jpg\" alt=\"usine Agripur sombreffe purin d&#039;ortie\" width=\"900\" height=\"900\">\r\n\t\t\t\t\t\t\t\t\t\t\t\t\t\t\t<\/div>\r\n\t\t\t\t\t\t\t\t\t\t\t\t\t\t\t\r\n\t\t\t\t\t\t<\/div>\r\n\t\t\t\t\t<\/div><\/div> \r\n\t\t\t\t\t\t<\/div>\n\t\t\t\t<\/div>\n\t\t\t\t\t<\/div>\n\t\t<\/div>\n\t\t\t\t<div class=\"elementor-column elementor-col-50 elementor-top-column elementor-element elementor-element-13db6408\" data-id=\"13db6408\" data-element_type=\"column\" data-e-type=\"column\">\n\t\t\t<div class=\"elementor-widget-wrap elementor-element-populated\">\n\t\t\t\t\t\t<section class=\"elementor-section elementor-inner-section elementor-element elementor-element-1a408dc2 elementor-section-boxed elementor-section-height-default elementor-section-height-default default-style\" data-id=\"1a408dc2\" data-element_type=\"section\" data-e-type=\"section\" data-settings=\"{&quot;background_background&quot;:&quot;classic&quot;,&quot;rt_color_sets&quot;:&quot;default-style&quot;}\">\n\t\t\t\t\t\t<div class=\"elementor-container elementor-column-gap-default\">\n\t\t\t\t\t<div class=\"elementor-column elementor-col-100 elementor-inner-column elementor-element elementor-element-411804dd\" data-id=\"411804dd\" data-element_type=\"column\" data-e-type=\"column\">\n\t\t\t<div class=\"elementor-widget-wrap elementor-element-populated\">\n\t\t\t\t\t\t<div class=\"elementor-element elementor-element-42ae7d8e elementor-widget elementor-widget-rt-heading\" data-id=\"42ae7d8e\" data-element_type=\"widget\" data-e-type=\"widget\" data-widget_type=\"rt-heading.default\">\n\t\t\t\t<div class=\"elementor-widget-container\">\n\t\t\t\t\t<div class=\"rt-heading-wrapper style-2\">\n\t\t\t\t\t\t<h5 class=\"rt-heading style-2\" >Onze visie<svg width=\"95\" height=\"10\" viewbox=\"0 0 95 10\" xmlns=\"http:\/\/www.w3.org\/2000\/svg\"><path d=\"M1 8l11.54-6 11.538 6 11.54-6 11.538 6 11.538-6 11.54 6L81.77 2 94 8\" stroke-width=\"3\" stroke=\"#6CC139\" fill=\"none\" fill-rule=\"evenodd\"\/><\/svg><\/h5>\n\t\t\t\t\t<\/div>\t\t\t\t<\/div>\n\t\t\t\t<\/div>\n\t\t\t\t<div class=\"elementor-element elementor-element-29810b15 elementor-widget elementor-widget-text-editor\" data-id=\"29810b15\" data-element_type=\"widget\" data-e-type=\"widget\" data-widget_type=\"text-editor.default\">\n\t\t\t\t<div class=\"elementor-widget-container\">\n\t\t\t\t\t\t\t\t\t<p>Luisteren naar uw behoeften en oplossingen bieden<\/p>\t\t\t\t\t\t\t\t<\/div>\n\t\t\t\t<\/div>\n\t\t\t\t\t<\/div>\n\t\t<\/div>\n\t\t\t\t\t<\/div>\n\t\t<\/section>\n\t\t\t\t<section class=\"elementor-section elementor-inner-section elementor-element elementor-element-308b37a7 elementor-section-boxed elementor-section-height-default elementor-section-height-default default-style\" data-id=\"308b37a7\" data-element_type=\"section\" data-e-type=\"section\" data-settings=\"{&quot;background_background&quot;:&quot;classic&quot;,&quot;rt_color_sets&quot;:&quot;default-style&quot;}\">\n\t\t\t\t\t\t<div class=\"elementor-container elementor-column-gap-default\">\n\t\t\t\t\t<div class=\"elementor-column elementor-col-100 elementor-inner-column elementor-element elementor-element-764738ab\" data-id=\"764738ab\" data-element_type=\"column\" data-e-type=\"column\">\n\t\t\t<div class=\"elementor-widget-wrap elementor-element-populated\">\n\t\t\t\t\t\t<div class=\"elementor-element elementor-element-5523b0e elementor-widget elementor-widget-rt-heading\" data-id=\"5523b0e\" data-element_type=\"widget\" data-e-type=\"widget\" data-widget_type=\"rt-heading.default\">\n\t\t\t\t<div class=\"elementor-widget-container\">\n\t\t\t\t\t<div class=\"rt-heading-wrapper style-2\">\n\t\t\t\t\t\t<h5 class=\"rt-heading style-2\" >Onze missie<svg width=\"95\" height=\"10\" viewbox=\"0 0 95 10\" xmlns=\"http:\/\/www.w3.org\/2000\/svg\"><path d=\"M1 8l11.54-6 11.538 6 11.54-6 11.538 6 11.538-6 11.54 6L81.77 2 94 8\" stroke-width=\"3\" stroke=\"#6CC139\" fill=\"none\" fill-rule=\"evenodd\"\/><\/svg><\/h5>\n\t\t\t\t\t<\/div>\t\t\t\t<\/div>\n\t\t\t\t<\/div>\n\t\t\t\t<div class=\"elementor-element elementor-element-7616c77b elementor-widget elementor-widget-text-editor\" data-id=\"7616c77b\" data-element_type=\"widget\" data-e-type=\"widget\" data-widget_type=\"text-editor.default\">\n\t\t\t\t<div class=\"elementor-widget-container\">\n\t\t\t\t\t\t\t\t\t<p>Al onze productieprocessen controleren, producten van hoogwaardige kwaliteit leveren en innoveren<\/p>\t\t\t\t\t\t\t\t<\/div>\n\t\t\t\t<\/div>\n\t\t\t\t\t<\/div>\n\t\t<\/div>\n\t\t\t\t\t<\/div>\n\t\t<\/section>\n\t\t\t\t\t<\/div>\n\t\t<\/div>\n\t\t\t\t\t<\/div>\n\t\t<\/section>\n\t\t\t\t<section class=\"elementor-section elementor-top-section elementor-element elementor-element-1c6c1d39 elementor-section-content-middle elementor-section-boxed elementor-section-height-default elementor-section-height-default default-style\" data-id=\"1c6c1d39\" data-element_type=\"section\" data-e-type=\"section\" data-settings=\"{&quot;background_background&quot;:&quot;classic&quot;,&quot;rt_color_sets&quot;:&quot;default-style&quot;}\">\n\t\t\t\t\t\t<div class=\"elementor-container elementor-column-gap-default\">\n\t\t\t\t\t<div class=\"elementor-column elementor-col-100 elementor-top-column elementor-element elementor-element-1719e22b\" data-id=\"1719e22b\" data-element_type=\"column\" data-e-type=\"column\">\n\t\t\t<div class=\"elementor-widget-wrap elementor-element-populated\">\n\t\t\t\t\t\t<div class=\"elementor-element elementor-element-6d98d715 elementor-widget elementor-widget-rt-heading\" data-id=\"6d98d715\" data-element_type=\"widget\" data-e-type=\"widget\" data-widget_type=\"rt-heading.default\">\n\t\t\t\t<div class=\"elementor-widget-container\">\n\t\t\t\t\t<div class=\"rt-heading-wrapper text-center\">\n\t\t\t\t\t\t<h4 class=\"rt-heading primary-color secondary-font\" >Een uniek avontuur <\/h4>\n\t\t\t\t\t<\/div>\t\t\t\t<\/div>\n\t\t\t\t<\/div>\n\t\t\t\t<div class=\"elementor-element elementor-element-4f13b635 elementor-widget elementor-widget-rt-heading\" data-id=\"4f13b635\" data-element_type=\"widget\" data-e-type=\"widget\" data-widget_type=\"rt-heading.default\">\n\t\t\t\t<div class=\"elementor-widget-container\">\n\t\t\t\t\t<div class=\"rt-heading-wrapper style-5 text-center\">\n\t\t\t\t\t\t<h3 class=\"rt-heading style-5\" >De toekomst<svg width=\"95\" height=\"10\" viewbox=\"0 0 95 10\" xmlns=\"http:\/\/www.w3.org\/2000\/svg\"><path d=\"M1 8l11.54-6 11.538 6 11.54-6 11.538 6 11.538-6 11.54 6L81.77 2 94 8\" stroke-width=\"3\" stroke=\"#6CC139\" fill=\"none\" fill-rule=\"evenodd\"\/><\/svg><\/h3>\n\t\t\t\t\t<\/div>\t\t\t\t<\/div>\n\t\t\t\t<\/div>\n\t\t\t\t<div class=\"elementor-element elementor-element-6b7473a5 elementor-widget elementor-widget-text-editor\" data-id=\"6b7473a5\" data-element_type=\"widget\" data-e-type=\"widget\" data-widget_type=\"text-editor.default\">\n\t\t\t\t<div class=\"elementor-widget-container\">\n\t\t\t\t\t\t\t\t\t<h3 style=\"text-align: center;\"><em>Omdat innovatie nooit ophoudt, denken we vandaag al na over de producten die wij u morgen zullen aanbieden. Binnenkort lanceren we een reeks unieke producten op basis van planten, zoals afkooksels van knoflook en heermoes op de markt.<\/em><\/h3>\t\t\t\t\t\t\t\t<\/div>\n\t\t\t\t<\/div>\n\t\t\t\t\t<\/div>\n\t\t<\/div>\n\t\t\t\t\t<\/div>\n\t\t<\/section>\n\t\t\t\t<\/div>","protected":false},"excerpt":{"rendered":"<p>Notre histoire Agripur est un acteur belge actif sur le march\u00e9 des biosolutions et des fertilisants organiques. Fond\u00e9e en 2019, la soci\u00e9t\u00e9 est dirig\u00e9e par un groupe d\u2019agriculteurs innovants qui a pour objectif d\u2019anticiper le retrait progressif des intrants chimiques en d\u00e9veloppant des alternatives cr\u00e9dibles. Parmi elles, l\u2019ortie, un produit naturel poss\u00e9dant de nombreuses vertus [&hellip;]<\/p>\n","protected":false},"author":1,"featured_media":0,"parent":0,"menu_order":0,"comment_status":"closed","ping_status":"closed","template":"","meta":{"footnotes":""},"class_list":["post-5075","page","type-page","status-publish","hentry"],"aioseo_notices":[],"_links":{"self":[{"href":"https:\/\/agripur.be\/nl\/wp-json\/wp\/v2\/pages\/5075","targetHints":{"allow":["GET"]}}],"collection":[{"href":"https:\/\/agripur.be\/nl\/wp-json\/wp\/v2\/pages"}],"about":[{"href":"https:\/\/agripur.be\/nl\/wp-json\/wp\/v2\/types\/page"}],"author":[{"embeddable":true,"href":"https:\/\/agripur.be\/nl\/wp-json\/wp\/v2\/users\/1"}],"replies":[{"embeddable":true,"href":"https:\/\/agripur.be\/nl\/wp-json\/wp\/v2\/comments?post=5075"}],"version-history":[{"count":71,"href":"https:\/\/agripur.be\/nl\/wp-json\/wp\/v2\/pages\/5075\/revisions"}],"predecessor-version":[{"id":8055,"href":"https:\/\/agripur.be\/nl\/wp-json\/wp\/v2\/pages\/5075\/revisions\/8055"}],"wp:attachment":[{"href":"https:\/\/agripur.be\/nl\/wp-json\/wp\/v2\/media?parent=5075"}],"curies":[{"name":"wp","href":"https:\/\/api.w.org\/{rel}","templated":true}]}}