{"id":7417,"date":"2023-01-25T10:39:18","date_gmt":"2023-01-25T10:39:18","guid":{"rendered":"http:\/\/bgdcqzc.cluster027.hosting.ovh.net\/?page_id=7417"},"modified":"2024-03-25T08:48:46","modified_gmt":"2024-03-25T08:48:46","slug":"mentions-legales","status":"publish","type":"page","link":"https:\/\/agripur.be\/en\/mentions-legales\/","title":{"rendered":"Legal information"},"content":{"rendered":"<div data-elementor-type=\"wp-page\" data-elementor-id=\"7417\" class=\"elementor elementor-7417\" data-elementor-post-type=\"page\">\n\t\t\t\t\t\t<section class=\"elementor-section elementor-top-section elementor-element elementor-element-0b6abdf light-style elementor-section-stretched rt-el-parallax-background elementor-section-boxed elementor-section-height-default elementor-section-height-default\" data-id=\"0b6abdf\" data-element_type=\"section\" data-e-type=\"section\" data-settings=\"{&quot;rt_color_sets&quot;:&quot;light-style&quot;,&quot;background_background&quot;:&quot;classic&quot;,&quot;stretch_section&quot;:&quot;section-stretched&quot;,&quot;rt_parallax&quot;:&quot;rt-el-parallax-background&quot;,&quot;rt_bg_parallax_effect&quot;:&quot;3&quot;,&quot;rt_bg_parallax_speed&quot;:&quot;1&quot;}\">\n\t\t\t\t\t\t<div class=\"elementor-container elementor-column-gap-default\">\n\t\t\t\t\t<section class=\"elementor-column elementor-col-100 elementor-top-column elementor-element elementor-element-5bb1116\" data-id=\"5bb1116\" data-element_type=\"column\" data-e-type=\"column\" data-settings=\"{&quot;background_background&quot;:&quot;classic&quot;}\">\n\t\t\t<div class=\"elementor-widget-wrap elementor-element-populated\">\n\t\t\t\t\t\t<div class=\"elementor-element elementor-element-88a83b9 animated-slow elementor-invisible elementor-widget elementor-widget-rt-heading\" data-id=\"88a83b9\" data-element_type=\"widget\" data-e-type=\"widget\" data-settings=\"{&quot;_animation&quot;:&quot;fadeIn&quot;}\" data-widget_type=\"rt-heading.default\">\n\t\t\t\t<div class=\"elementor-widget-container\">\n\t\t\t\t\t<div class=\"rt-heading-wrapper text-center text-mobile-center\">\n\t\t\t\t\t\t<h1 class=\"rt-heading custom-color heading-font\" >Legal information<\/h1>\n\t\t\t\t\t<\/div>\t\t\t\t<\/div>\n\t\t\t\t<\/div>\n\t\t\t\t\t<\/div>\n\t\t<\/section>\n\t\t\t\t\t<\/div>\n\t\t<\/section>\n\t\t\t\t<section class=\"elementor-section elementor-top-section elementor-element elementor-element-50ea9a98 elementor-section-content-middle elementor-section-boxed elementor-section-height-default elementor-section-height-default default-style\" data-id=\"50ea9a98\" data-element_type=\"section\" data-e-type=\"section\" data-settings=\"{&quot;background_background&quot;:&quot;classic&quot;,&quot;rt_color_sets&quot;:&quot;default-style&quot;}\">\n\t\t\t\t\t\t<div class=\"elementor-container elementor-column-gap-default\">\n\t\t\t\t\t<div class=\"elementor-column elementor-col-100 elementor-top-column elementor-element elementor-element-4c8f85dc\" data-id=\"4c8f85dc\" data-element_type=\"column\" data-e-type=\"column\">\n\t\t\t<div class=\"elementor-widget-wrap elementor-element-populated\">\n\t\t\t\t\t\t<div class=\"elementor-element elementor-element-b0ff49c elementor-widget elementor-widget-text-editor\" data-id=\"b0ff49c\" data-element_type=\"widget\" data-e-type=\"widget\" data-widget_type=\"text-editor.default\">\n\t\t\t\t<div class=\"elementor-widget-container\">\n\t\t\t\t\t\t\t\t\t<p><strong>PUBLISHER<\/strong><\/p>\n<p>The site&nbsp;<a href=\"http:\/\/bgdcqzc.cluster027.hosting.ovh.net\/\" target=\"_blank\" rel=\"noopener\">www.agripur.be<\/a>&nbsp;is the exclusive property of&nbsp;<strong>Agripur SRL<\/strong>which publishes it.<\/p>\n<p><strong>Agripur<\/strong><strong>&nbsp;<\/strong><b>SRL<br><\/b>Tel:&nbsp;<strong>+32(0)471\/55.29.29<br><\/strong><strong>Rue de Scourmont, 6&nbsp;<\/strong><b>5140 Sombreffe<br><\/b>Intra-Community VAT number :&nbsp;<b>BE0889409529<br><\/b>E-mail address :&nbsp;<strong>contact@agripur.be<\/strong><br>Director of publication :&nbsp;<b>Agripur SRL<br><\/b>Contact the publication manager:&nbsp;<strong>contact@agripur.be<\/strong><\/p>\n<p><\/p>\n<p><strong>ACCOMMODATION<\/strong><\/p>\n<p>The site is hosted by&nbsp;<strong>FastComet Inc. fastcomet.com CA 94107 San Francisco<\/strong><\/p>\n<p><\/p>\n<p><strong>DESCRIPTION OF THE SERVICES PROVIDED<\/strong><\/p>\n<p>The site&nbsp;<a href=\"http:\/\/bgdcqzc.cluster027.hosting.ovh.net\/\" target=\"_blank\" rel=\"noopener\">www.agripur.be<\/a>&nbsp;The purpose of this website is to provide information about the company's activities. The owner of the site strives to provide on the site&nbsp;<a href=\"http:\/\/bgdcqzc.cluster027.hosting.ovh.net\/\" target=\"_blank\" rel=\"noopener\">www.agripur.be<\/a>&nbsp;information as accurate as possible. However, it cannot be held responsible for omissions, inaccuracies and shortcomings in updating, whether these are its fault or the fault of third-party partners who provide it with this information. All information provided on the site&nbsp;<a href=\"http:\/\/bgdcqzc.cluster027.hosting.ovh.net\/\" target=\"_blank\" rel=\"noopener\">www.agripur.be<\/a>&nbsp;are given for information purposes only, are not exhaustive and are subject to change. They are given subject to modifications having been made since they were put on line.&nbsp;&nbsp;<\/p>\n<p><strong>INTELLECTUAL PROPERTY AND COUNTERFEITING<\/strong><\/p>\n<p>The owner of the site is the owner of the intellectual property rights or holds the rights of use on all the elements accessible on the site, in particular the texts, images, graphics, logo, icons, sounds, software. Any reproduction, representation, modification, publication, adaptation total or partial of the elements of the site, whatever the means or the process used, is prohibited, except preliminary written authorization with the email: contact@bgdcqzc.cluster027.hosting.ovh.net . Any unauthorised use of the site or of any of the elements it contains will be considered as constituting an infringement and will be prosecuted in accordance with the provisions of articles L.335-2 et seq. of the French Intellectual Property Code. &nbsp;<\/p>\n<p><strong>HYPERLINKS AND COOKIES<\/strong><\/p>\n<p>The site&nbsp;<a href=\"http:\/\/bgdcqzc.cluster027.hosting.ovh.net\/\" target=\"_blank\" rel=\"noopener\">www.agripur.be<\/a>&nbsp;contains a number of hypertext links to other sites (partners, information, etc.) set up with the authorisation of the site owner. However, the owner of the site does not have the possibility of checking the content of the sites thus visited and therefore declines all responsibility for any risks of illicit content. Users are informed that during their visits to the site&nbsp;<a href=\"http:\/\/bgdcqzc.cluster027.hosting.ovh.net\/\" target=\"_blank\" rel=\"noopener\">www.agripur.be<\/a>If a user is using a website, one or more cookies may be automatically installed on the user's computer. A cookie is a small file which does not allow the user to be identified, but which records information relating to the navigation of a computer on a site. The data thus obtained is intended to facilitate subsequent navigation on the site, and is also intended to allow various measures of frequentation. The parameter setting of the navigation software allows the user to be informed of the presence of a cookie and, if necessary, to refuse it in the manner described at the following address: www.cnil.fr Refusing to install a cookie may make it impossible to access certain services. However, the user can configure his or her computer in the following way to refuse the installation of cookies: In Internet Explorer: Tools \/ Internet options tab. Click on Confidentiality and choose Block all cookies. Validate with Ok. Under Netscape: edit tab \/ preferences. Click on Advanced and choose Disable cookies. Validate with Ok. &nbsp;<\/p>\n<p><strong>PROTECTION OF GOODS AND PERSONS - MANAGEMENT OF PERSONAL DATA<\/strong><\/p>\n<p>On the website&nbsp;<a style=\"background-color: #f7f8f9;\" href=\"http:\/\/bgdcqzc.cluster027.hosting.ovh.net\/\" target=\"_blank\" rel=\"noopener\">www.agripur.be<\/a>The owner of the site only collects personal information about the user for the purpose of certain services offered by the site&nbsp;<a style=\"background-color: #f7f8f9;\" href=\"http:\/\/bgdcqzc.cluster027.hosting.ovh.net\/\" target=\"_blank\" rel=\"noopener\">www.agripur.be<\/a>. The user provides this information with full knowledge of the facts, in particular when he\/she enters it. It is then specified to the user of the site&nbsp;<a style=\"background-color: #f7f8f9;\" href=\"http:\/\/bgdcqzc.cluster027.hosting.ovh.net\/\" target=\"_blank\" rel=\"noopener\">www.agripur.be<\/a>&nbsp;the obligation or not to provide this information. In accordance with the provisions of articles 38 and following of law 78-17 of 6 January 1978 relating to information technology, files and freedoms, all users have the right to access, rectify, delete and oppose personal data concerning them. To exercise this right, send your request to&nbsp;<a style=\"background-color: #f7f8f9;\" href=\"http:\/\/bgdcqzc.cluster027.hosting.ovh.net\/\" target=\"_blank\" rel=\"noopener\">www.agripur.be<\/a>&nbsp;by email: email of the webmaster or by sending a written and signed request, accompanied by a copy of the identity document with signature of the holder of the document, specifying the address to which the reply must be sent.<\/p>\n<p>No personal information of the user of the site&nbsp;<a href=\"http:\/\/bgdcqzc.cluster027.hosting.ovh.net\/\" target=\"_blank\" rel=\"noopener\">www.agripur.be<\/a>&nbsp;is published without the user's knowledge, exchanged, transferred, assigned or sold on any medium to third parties. Only the assumption of the purchase of the site&nbsp;<a href=\"http:\/\/bgdcqzc.cluster027.hosting.ovh.net\/\" target=\"_blank\" rel=\"noopener\">www.agripur.be<\/a>&nbsp;to the owner of the site and its rights would allow the transmission of the aforementioned information to the possible purchaser who would be in turn held of the same obligation of conservation and modification of the data with respect to the user of the site&nbsp;<a href=\"http:\/\/bgdcqzc.cluster027.hosting.ovh.net\/\" target=\"_blank\" rel=\"noopener\">www.agripur.be<\/a>.<\/p>\n<p>The site&nbsp;<a href=\"http:\/\/bgdcqzc.cluster027.hosting.ovh.net\/\" target=\"_blank\" rel=\"noopener\">www.agripur.be<\/a>&nbsp;is RGPD compliant see our RGPD policy&nbsp;&nbsp;<a href=\"http:\/\/bgdcqzc.cluster027.hosting.ovh.net\/conditions-generales\/\">http:\/\/bgdcqzc.cluster027.hosting.ovh.net\/conditions-generales\/<\/a>.<\/p>\t\t\t\t\t\t\t\t<\/div>\n\t\t\t\t<\/div>\n\t\t\t\t\t<\/div>\n\t\t<\/div>\n\t\t\t\t\t<\/div>\n\t\t<\/section>\n\t\t\t\t<\/div>","protected":false},"excerpt":{"rendered":"<p>Mentions l\u00e9gales \u00c9DITEUR Le site\u00a0www.agripur.be\u00a0est la propri\u00e9t\u00e9 exclusive de\u00a0Agripur SRL, qui l&rsquo;\u00e9dite. Agripur\u00a0SRL T\u00e9l\u00a0 :\u00a0+32(0)471\/55.29.29 Rue de Scourmont, 6\u00a05140 Sombreffe Num\u00e9ro TVA intracommunautaire :\u00a0BE0889409529 Adresse de courrier \u00e9lectronique :\u00a0contact@agripur.be Directeur de la\u00a0 publication\u00a0:\u00a0Agripur SRL Contactez le responsable de la publication :\u00a0contact@agripur.be H\u00c9BERGEMENT Le site est h\u00e9berg\u00e9\u00a0par\u00a0FastComet Inc. fastcomet.com CA 94107 San Francisco DESCRIPTION DES SERVICES [&hellip;]<\/p>\n","protected":false},"author":1,"featured_media":0,"parent":0,"menu_order":0,"comment_status":"closed","ping_status":"closed","template":"","meta":{"footnotes":""},"class_list":["post-7417","page","type-page","status-publish","hentry"],"aioseo_notices":[],"_links":{"self":[{"href":"https:\/\/agripur.be\/en\/wp-json\/wp\/v2\/pages\/7417","targetHints":{"allow":["GET"]}}],"collection":[{"href":"https:\/\/agripur.be\/en\/wp-json\/wp\/v2\/pages"}],"about":[{"href":"https:\/\/agripur.be\/en\/wp-json\/wp\/v2\/types\/page"}],"author":[{"embeddable":true,"href":"https:\/\/agripur.be\/en\/wp-json\/wp\/v2\/users\/1"}],"replies":[{"embeddable":true,"href":"https:\/\/agripur.be\/en\/wp-json\/wp\/v2\/comments?post=7417"}],"version-history":[{"count":12,"href":"https:\/\/agripur.be\/en\/wp-json\/wp\/v2\/pages\/7417\/revisions"}],"predecessor-version":[{"id":7654,"href":"https:\/\/agripur.be\/en\/wp-json\/wp\/v2\/pages\/7417\/revisions\/7654"}],"wp:attachment":[{"href":"https:\/\/agripur.be\/en\/wp-json\/wp\/v2\/media?parent=7417"}],"curies":[{"name":"wp","href":"https:\/\/api.w.org\/{rel}","templated":true}]}}