{"id":6917,"date":"2020-06-25T13:07:05","date_gmt":"2020-06-25T13:07:05","guid":{"rendered":"http:\/\/bgdcqzc.cluster027.hosting.ovh.net\/?page_id=6917"},"modified":"2025-01-30T09:37:23","modified_gmt":"2025-01-30T09:37:23","slug":"conditions-generales","status":"publish","type":"page","link":"https:\/\/agripur.be\/en\/conditions-generales\/","title":{"rendered":"General conditions"},"content":{"rendered":"<div data-elementor-type=\"wp-page\" data-elementor-id=\"6917\" class=\"elementor elementor-6917\" data-elementor-post-type=\"page\">\n\t\t\t\t\t\t<section class=\"elementor-section elementor-top-section elementor-element elementor-element-0b6abdf elementor-section-content-middle elementor-section-boxed elementor-section-height-default elementor-section-height-default default-style\" data-id=\"0b6abdf\" data-element_type=\"section\" data-e-type=\"section\" data-settings=\"{&quot;background_background&quot;:&quot;classic&quot;,&quot;rt_color_sets&quot;:&quot;default-style&quot;}\">\n\t\t\t\t\t\t<div class=\"elementor-container elementor-column-gap-default\">\n\t\t\t\t\t<section class=\"elementor-column elementor-col-100 elementor-top-column elementor-element elementor-element-5bb1116\" data-id=\"5bb1116\" data-element_type=\"column\" data-e-type=\"column\" data-settings=\"{&quot;background_background&quot;:&quot;classic&quot;}\">\n\t\t\t<div class=\"elementor-widget-wrap elementor-element-populated\">\n\t\t\t\t\t\t<div class=\"elementor-element elementor-element-88a83b9 animated-slow elementor-invisible elementor-widget elementor-widget-rt-heading\" data-id=\"88a83b9\" data-element_type=\"widget\" data-e-type=\"widget\" data-settings=\"{&quot;_animation&quot;:&quot;fadeIn&quot;}\" data-widget_type=\"rt-heading.default\">\n\t\t\t\t<div class=\"elementor-widget-container\">\n\t\t\t\t\t<div class=\"rt-heading-wrapper text-center text-mobile-center\">\n\t\t\t\t\t\t<h1 class=\"rt-heading custom-color heading-font\" >General conditions<\/h1>\n\t\t\t\t\t<\/div>\t\t\t\t<\/div>\n\t\t\t\t<\/div>\n\t\t\t\t\t<\/div>\n\t\t<\/section>\n\t\t\t\t\t<\/div>\n\t\t<\/section>\n\t\t\t\t<section class=\"elementor-section elementor-top-section elementor-element elementor-element-5c107c4 elementor-section-content-middle elementor-section-boxed elementor-section-height-default elementor-section-height-default default-style\" data-id=\"5c107c4\" data-element_type=\"section\" data-e-type=\"section\" data-settings=\"{&quot;background_background&quot;:&quot;classic&quot;,&quot;rt_color_sets&quot;:&quot;default-style&quot;}\">\n\t\t\t\t\t\t<div class=\"elementor-container elementor-column-gap-default\">\n\t\t\t\t\t<div class=\"elementor-column elementor-col-100 elementor-top-column elementor-element elementor-element-1e74147\" data-id=\"1e74147\" data-element_type=\"column\" data-e-type=\"column\">\n\t\t\t<div class=\"elementor-widget-wrap elementor-element-populated\">\n\t\t\t\t\t\t<div class=\"elementor-element elementor-element-bfd8dbf elementor-widget elementor-widget-text-editor\" data-id=\"bfd8dbf\" data-element_type=\"widget\" data-e-type=\"widget\" data-widget_type=\"text-editor.default\">\n\t\t\t\t<div class=\"elementor-widget-container\">\n\t\t\t\t\t\t\t\t\t<p><strong>Terms and conditions of sale<\/strong><\/p><ol><li><p><strong>Knowledge and acceptance<\/strong><br \/>The customer is deemed to know and accept these terms and conditions when ordering products from AGRIPUR srl. A translation in the customer's language will be provided on request.<\/p><\/li><li><p><strong>Order Confirmation<\/strong><br \/>A sale is considered final only after written confirmation has been sent by AGRIPUR srl. Our agents and representatives are not authorised to bind our company.<\/p><\/li><li><p><strong>Reservation of Ownership<\/strong><br \/>Products remain the property of AGRIPUR srl until full payment. The risks are transferred to the customer upon delivery. Our representatives are not authorised to receive payments.<\/p><\/li><li><p><strong>Place of Sale and Transport<\/strong><br \/>Sales are deemed to be made in Sombreffe. Goods are considered to be sold and approved on departure and travel at the risk of the recipient, even in the case of carriage paid or CIF. Damage occurring en route is the responsibility of the buyer, who must take action against the carrier.<\/p><\/li><li><p><strong>Terms of payment<\/strong><br \/>Payment is to be made by bank transfer within 30 days of the end of the month from the invoice date. In the event of non-payment, a reminder will be sent before formal notice is served and charges invoiced. Interest of 12% per annum will be charged from the due date. AGRIPUR srl reserves the right to suspend deliveries and terminate the contract in the event of non-payment.<\/p><\/li><li><p><strong>Purchases under \u20ac50<\/strong><br \/>All purchases under \u20ac50 must be paid for before delivery.<\/p><\/li><li><p><strong>Claims<\/strong><br \/>All claims must be made by registered letter within 7 days of delivery. After this period, no complaint will be accepted. Payment for goods may not be suspended on the grounds of a complaint.<\/p><\/li><li><p><strong>Guarantee<\/strong><br \/>Our products carry a three-month guarantee from the date of delivery. In the event of failure, we will replace or renew the product, without extending the initial warranty. The warranty is valid only if the products are kept in accordance with the rules established by AGRIPUR srl, in particular by storing them away from light and at a temperature below 20\u00b0C. AGRIPUR srl declines all responsibility for damage caused to crops, animals or people resulting from the use or storage of our products.<\/p><\/li><li><p><strong>Confidentiality and Data Protection<\/strong><br \/>Customers' personal data are processed in accordance with current data protection legislation. AGRIPUR srl undertakes not to divulge this information to third parties without the customer's consent.<\/p><\/li><li><p><strong>Force Majeure<\/strong><br \/>AGRIPUR srl shall not be held responsible for any delay or failure to fulfil its contractual obligations in the event of force majeure, including but not limited to natural disasters, armed conflicts, strikes or transport interruptions.<\/p><\/li><li><p><strong>Limitation of liability<\/strong><br \/>AGRIPUR srl liability is limited to direct damages and does not cover indirect, consequential or immaterial losses. In any case, the total liability of AGRIPUR srl shall not exceed the total amount of the order.<\/p><\/li><li><p><strong>Modification of the Conditions<\/strong><br \/>AGRIPUR srl reserves the right to modify these terms and conditions at any time. The modifications will be applicable as soon as they are published on our website or communicated to the customer.<\/p><\/li><li><p><strong>Applicable law and jurisdiction<\/strong><br \/>Any dispute relating to the contract will be governed by Belgian law and subject to the exclusive jurisdiction of the courts of Namur.<\/p><\/li><\/ol>\t\t\t\t\t\t\t\t<\/div>\n\t\t\t\t<\/div>\n\t\t\t\t\t<\/div>\n\t\t<\/div>\n\t\t\t\t\t<\/div>\n\t\t<\/section>\n\t\t\t\t<\/div>","protected":false},"excerpt":{"rendered":"<p>Conditions g\u00e9n\u00e9rales Conditions G\u00e9n\u00e9rales de Vente Connaissance et AcceptationLe client est r\u00e9put\u00e9 conna\u00eetre et accepter les pr\u00e9sentes conditions g\u00e9n\u00e9rales de vente d\u00e8s la commande des produits \u00e9manant de la soci\u00e9t\u00e9 AGRIPUR srl. Une traduction dans la langue du client sera fournie sur demande. Confirmation de CommandeUne vente n&rsquo;est consid\u00e9r\u00e9e comme d\u00e9finitive qu&rsquo;apr\u00e8s envoi d&rsquo;une confirmation [&hellip;]<\/p>\n","protected":false},"author":1,"featured_media":0,"parent":0,"menu_order":0,"comment_status":"closed","ping_status":"closed","template":"","meta":{"footnotes":""},"class_list":["post-6917","page","type-page","status-publish","hentry"],"aioseo_notices":[],"_links":{"self":[{"href":"https:\/\/agripur.be\/en\/wp-json\/wp\/v2\/pages\/6917","targetHints":{"allow":["GET"]}}],"collection":[{"href":"https:\/\/agripur.be\/en\/wp-json\/wp\/v2\/pages"}],"about":[{"href":"https:\/\/agripur.be\/en\/wp-json\/wp\/v2\/types\/page"}],"author":[{"embeddable":true,"href":"https:\/\/agripur.be\/en\/wp-json\/wp\/v2\/users\/1"}],"replies":[{"embeddable":true,"href":"https:\/\/agripur.be\/en\/wp-json\/wp\/v2\/comments?post=6917"}],"version-history":[{"count":13,"href":"https:\/\/agripur.be\/en\/wp-json\/wp\/v2\/pages\/6917\/revisions"}],"predecessor-version":[{"id":8072,"href":"https:\/\/agripur.be\/en\/wp-json\/wp\/v2\/pages\/6917\/revisions\/8072"}],"wp:attachment":[{"href":"https:\/\/agripur.be\/en\/wp-json\/wp\/v2\/media?parent=6917"}],"curies":[{"name":"wp","href":"https:\/\/api.w.org\/{rel}","templated":true}]}}