{"id":5075,"date":"2018-02-25T11:40:22","date_gmt":"2018-02-25T11:40:22","guid":{"rendered":"https:\/\/naturalife.rtthemes.com\/demo\/?page_id=5075"},"modified":"2025-02-12T13:42:51","modified_gmt":"2025-02-12T13:42:51","slug":"a-propos","status":"publish","type":"page","link":"https:\/\/agripur.be\/en\/a-propos\/","title":{"rendered":"About us"},"content":{"rendered":"<div data-elementor-type=\"wp-post\" data-elementor-id=\"5075\" class=\"elementor elementor-5075\" data-elementor-post-type=\"page\">\n\t\t\t\t\t\t<section class=\"elementor-section elementor-top-section elementor-element elementor-element-e9b462b elementor-section-content-middle elementor-section-boxed elementor-section-height-default elementor-section-height-default default-style\" data-id=\"e9b462b\" data-element_type=\"section\" data-e-type=\"section\" data-settings=\"{&quot;background_background&quot;:&quot;classic&quot;,&quot;shape_divider_bottom&quot;:&quot;opacity-tilt&quot;,&quot;rt_color_sets&quot;:&quot;default-style&quot;}\">\n\t\t\t\t\t<div class=\"elementor-shape elementor-shape-bottom\" aria-hidden=\"true\" data-negative=\"false\">\n\t\t\t<svg xmlns=\"http:\/\/www.w3.org\/2000\/svg\" viewbox=\"0 0 2600 131.1\" preserveaspectratio=\"none\">\n\t<path class=\"elementor-shape-fill\" d=\"M0 0L2600 0 2600 69.1 0 0z\"\/>\n\t<path class=\"elementor-shape-fill\" style=\"opacity:0.5\" d=\"M0 0L2600 0 2600 69.1 0 69.1z\"\/>\n\t<path class=\"elementor-shape-fill\" style=\"opacity:0.25\" d=\"M2600 0L0 0 0 130.1 2600 69.1z\"\/>\n<\/svg>\t\t<\/div>\n\t\t\t\t\t<div class=\"elementor-container elementor-column-gap-default\">\n\t\t\t\t\t<div class=\"elementor-column elementor-col-50 elementor-top-column elementor-element elementor-element-b46180a\" data-id=\"b46180a\" data-element_type=\"column\" data-e-type=\"column\">\n\t\t\t<div class=\"elementor-widget-wrap elementor-element-populated\">\n\t\t\t\t\t\t<div class=\"elementor-element elementor-element-23226ef elementor-widget elementor-widget-rt-heading\" data-id=\"23226ef\" data-element_type=\"widget\" data-e-type=\"widget\" data-widget_type=\"rt-heading.default\">\n\t\t\t\t<div class=\"elementor-widget-container\">\n\t\t\t\t\t<div class=\"rt-heading-wrapper style-2\">\n\t\t\t\t\t\t<h1 class=\"rt-heading style-2\" >Our story<svg width=\"95\" height=\"10\" viewbox=\"0 0 95 10\" xmlns=\"http:\/\/www.w3.org\/2000\/svg\"><path d=\"M1 8l11.54-6 11.538 6 11.54-6 11.538 6 11.538-6 11.54 6L81.77 2 94 8\" stroke-width=\"3\" stroke=\"#6CC139\" fill=\"none\" fill-rule=\"evenodd\"\/><\/svg><\/h1>\n\t\t\t\t\t<\/div>\t\t\t\t<\/div>\n\t\t\t\t<\/div>\n\t\t\t\t<div class=\"elementor-element elementor-element-3779354 elementor-widget elementor-widget-text-editor\" data-id=\"3779354\" data-element_type=\"widget\" data-e-type=\"widget\" data-widget_type=\"text-editor.default\">\n\t\t\t\t<div class=\"elementor-widget-container\">\n\t\t\t\t\t\t\t\t\t<h6>Agripur is a Belgian player in the market for biosolutions and organic fertilisers.<\/h6><p>Founded in 2019, the company is run by a group of innovative farmers whose aim is to anticipate the phasing out of chemical inputs by developing credible alternatives. One of these alternatives is nettle, a natural product with many virtues that have been known since ancient times.<\/p><p>The story begins with the research work of Professor Christian Marche, director of the Centre des Technologies Agronomiques (CTA) in Str\u00e9e. He set up a long and fastidious selection programme based on more than 3,000 samples of wild nettles collected in Belgium. The programme resulted in the development of a cultivable, nutrient-rich variety of nettle.<\/p><p class=\"translation-block\">In 2017, at the instigation of ITAB (France\u2019s Institute for Organic Food and Agriculture), Europe recognised the nettle (Urtica dioica) for its fungicidal, insecticidal and acaricidal properties and paved the way for it to be marketed by recognising it as a \u201cbasic substance\u201d.<\/p><p>This was all it took to convince Georges Beguin to start planting nettles in plots and so the adventure began. Working in the region of Sombreffe, the company\u2019s founder and manager, Georges turned a barn into a production unit in order to develop a Walloon production chain for nettle manure. This production chain now includes farmers-producers of nettles and a unit that turns them into manure, as well as partners with a marketing network.<\/p>\t\t\t\t\t\t\t\t<\/div>\n\t\t\t\t<\/div>\n\t\t\t\t\t<\/div>\n\t\t<\/div>\n\t\t\t\t<div class=\"elementor-column elementor-col-50 elementor-top-column elementor-element elementor-element-95ea11b\" data-id=\"95ea11b\" data-element_type=\"column\" data-e-type=\"column\">\n\t\t\t<div class=\"elementor-widget-wrap elementor-element-populated\">\n\t\t\t\t\t\t<div class=\"elementor-element elementor-element-e45264c elementor-widget elementor-widget-image\" data-id=\"e45264c\" data-element_type=\"widget\" data-e-type=\"widget\" data-widget_type=\"image.default\">\n\t\t\t\t<div class=\"elementor-widget-container\">\n\t\t\t\t\t\t\t\t\t\t\t\t\t\t\t<img fetchpriority=\"high\" decoding=\"async\" width=\"276\" height=\"300\" src=\"https:\/\/agripur.be\/wp-content\/uploads\/2020\/04\/Agripur_logo-1-276x300.png\" class=\"attachment-medium size-medium wp-image-6625\" alt=\"Logo Agripur\" srcset=\"https:\/\/agripur.be\/wp-content\/uploads\/2020\/04\/Agripur_logo-1-276x300.png 276w, https:\/\/agripur.be\/wp-content\/uploads\/2020\/04\/Agripur_logo-1-261x284.png 261w, https:\/\/agripur.be\/wp-content\/uploads\/2020\/04\/Agripur_logo-1-393x427.png 393w, https:\/\/agripur.be\/wp-content\/uploads\/2020\/04\/Agripur_logo-1-290x315.png 290w, https:\/\/agripur.be\/wp-content\/uploads\/2020\/04\/Agripur_logo-1.png 523w\" sizes=\"(max-width: 276px) 100vw, 276px\" \/>\t\t\t\t\t\t\t\t\t\t\t\t\t\t\t<\/div>\n\t\t\t\t<\/div>\n\t\t\t\t<div class=\"elementor-element elementor-element-102bbb12 elementor-widget elementor-widget-rt-timeline\" data-id=\"102bbb12\" data-element_type=\"widget\" data-e-type=\"widget\" data-widget_type=\"rt-timeline.default\">\n\t\t\t\t<div class=\"elementor-widget-container\">\n\t\t\t\t\t\t \n\t\t<div  class=\"timeline style-2\">\n\t\t\t \n\t\t<div  >\n\t\t\t \n\t\t<span class=\"event-date\">\n\t\t\t<span class=\"month\">May<\/span><span class=\"year\">2017<\/span>\n\t\t<\/span>\n\t<div class=\"event-details\"><h4 class=\"event-title\">Planting the first fields of nettles<\/h4><\/div>\n\t\t<\/div>\n\t\t \n\t\t<div  >\n\t\t\t \n\t\t<span class=\"event-date\">\n\t\t\t<span class=\"month\">June<\/span><span class=\"year\">2019<\/span>\n\t\t<\/span>\n\t<div class=\"event-details\"><h4 class=\"event-title\">The production unit was set up<\/h4><\/div>\n\t\t<\/div>\n\t\t \n\t\t<div  >\n\t\t\t \n\t\t<span class=\"event-date\">\n\t\t\t<span class=\"month\">January<\/span><span class=\"year\">2020<\/span>\n\t\t<\/span>\n\t<div class=\"event-details\"><h4 class=\"event-title\">Purtica was marketed for the first time<\/h4><\/div>\n\t\t<\/div>\n\t\t \n\t\t<div  >\n\t\t\t \n\t\t<span class=\"event-date\">\n\t\t\t<span class=\"month\">October<\/span><span class=\"year\">2022<\/span>\n\t\t<\/span>\n\t<div class=\"event-details\"><h4 class=\"event-title\">Purella was marketed for the first time<\/h4><\/div>\n\t\t<\/div>\n\t\t \n\t\t<div  >\n\t\t\t \n\t\t<span class=\"event-date\">\n\t\t\t<span class=\"month\">December<\/span><span class=\"year\">2023<\/span>\n\t\t<\/span>\n\t<div class=\"event-details\"><h4 class=\"event-title\">SYMPHYPUR goes on sale<\/h4><\/div>\n\t\t<\/div>\n\t\t \n\t\t<div  >\n\t\t\t \n\t\t<span class=\"event-date\">\n\t\t\t<span class=\"month\">January<\/span><span class=\"year\">2025<\/span>\n\t\t<\/span>\n\t<div class=\"event-details\"><h4 class=\"event-title\">PURALLIUM and PURMIX 3 go on sale<\/h4><\/div>\n\t\t<\/div>\n\t\n\t\t<\/div>\n\t\t\t\t\t<\/div>\n\t\t\t\t<\/div>\n\t\t\t\t\t<\/div>\n\t\t<\/div>\n\t\t\t\t\t<\/div>\n\t\t<\/section>\n\t\t\t\t<section class=\"elementor-section elementor-top-section elementor-element elementor-element-8b7e264 elementor-section-content-middle elementor-section-boxed elementor-section-height-default elementor-section-height-default default-style\" data-id=\"8b7e264\" data-element_type=\"section\" data-e-type=\"section\" data-settings=\"{&quot;background_background&quot;:&quot;classic&quot;,&quot;shape_divider_top&quot;:&quot;opacity-tilt&quot;,&quot;rt_color_sets&quot;:&quot;default-style&quot;}\">\n\t\t\t\t\t<div class=\"elementor-shape elementor-shape-top\" aria-hidden=\"true\" data-negative=\"false\">\n\t\t\t<svg xmlns=\"http:\/\/www.w3.org\/2000\/svg\" viewbox=\"0 0 2600 131.1\" preserveaspectratio=\"none\">\n\t<path class=\"elementor-shape-fill\" d=\"M0 0L2600 0 2600 69.1 0 0z\"\/>\n\t<path class=\"elementor-shape-fill\" style=\"opacity:0.5\" d=\"M0 0L2600 0 2600 69.1 0 69.1z\"\/>\n\t<path class=\"elementor-shape-fill\" style=\"opacity:0.25\" d=\"M2600 0L0 0 0 130.1 2600 69.1z\"\/>\n<\/svg>\t\t<\/div>\n\t\t\t\t\t<div class=\"elementor-container elementor-column-gap-default\">\n\t\t\t\t\t<div class=\"elementor-column elementor-col-50 elementor-top-column elementor-element elementor-element-421e191c\" data-id=\"421e191c\" data-element_type=\"column\" data-e-type=\"column\">\n\t\t\t<div class=\"elementor-widget-wrap elementor-element-populated\">\n\t\t\t\t\t\t<div class=\"elementor-element elementor-element-1bf60ac1 elementor-widget elementor-widget-rt-heading\" data-id=\"1bf60ac1\" data-element_type=\"widget\" data-e-type=\"widget\" data-widget_type=\"rt-heading.default\">\n\t\t\t\t<div class=\"elementor-widget-container\">\n\t\t\t\t\t<div class=\"rt-heading-wrapper style-2\">\n\t\t\t\t\t\t<h3 class=\"rt-heading style-2\" >Our facilities<svg width=\"95\" height=\"10\" viewbox=\"0 0 95 10\" xmlns=\"http:\/\/www.w3.org\/2000\/svg\"><path d=\"M1 8l11.54-6 11.538 6 11.54-6 11.538 6 11.538-6 11.54 6L81.77 2 94 8\" stroke-width=\"3\" stroke=\"#6CC139\" fill=\"none\" fill-rule=\"evenodd\"\/><\/svg><\/h3>\n\t\t\t\t\t<\/div>\t\t\t\t<\/div>\n\t\t\t\t<\/div>\n\t\t\t\t<div class=\"elementor-element elementor-element-533384b9 elementor-widget elementor-widget-text-editor\" data-id=\"533384b9\" data-element_type=\"widget\" data-e-type=\"widget\" data-widget_type=\"text-editor.default\">\n\t\t\t\t<div class=\"elementor-widget-container\">\n\t\t\t\t\t\t\t\t\t<p>Agripur has developed its own manufacturing processes. A preliminary study conducted in collaboration with manufacturers meant that we could build a professional production unit to meet the growing demand.<\/p><p>Meticulously selected nettle plants have been planted in fields and are now cultivated, giving us control of the whole production chain.<\/p>\t\t\t\t\t\t\t\t<\/div>\n\t\t\t\t<\/div>\n\t\t\t\t<div class=\"elementor-element elementor-element-65ae1e7e elementor-widget elementor-widget-rt-photo-gallery\" data-id=\"65ae1e7e\" data-element_type=\"widget\" data-e-type=\"widget\" data-widget_type=\"rt-photo-gallery.default\">\n\t\t\t\t<div class=\"elementor-widget-container\">\n\t\t\t\t\t\r\n\t\t\t<div class=\"rt-gallery  row metro-gallery\"  >\r\n\t\t\t\t\t<div class=\"col rt-dynamic double-height double-width\">\r\n\t\t\t\t\t\t<div class=\"gallery-item-holder has-overlay\">\r\n\t\t\t\t\t\t\t\r\n\t\t\t\t\t\t\t\t\t\t\t\t\t\t\t<div class=\"image-thumbnail\">\r\n\t\t\t\t\t\t\t\t\t\t\t\t\t\t\t\t<img decoding=\"async\" src=\"https:\/\/agripur.be\/wp-content\/uploads\/2020\/06\/agripur-usine-1-scaled-900x900.jpg\" alt=\"Agripur usine\" width=\"900\" height=\"900\">\r\n\t\t\t\t\t\t\t\t\t\t\t\t\t\t\t<\/div>\r\n\t\t\t\t\t\t\t\t\t\t\t\t\t\t\t\r\n\t\t\t\t\t\t<\/div>\r\n\t\t\t\t\t<\/div>\r\n\t\t\t\t\t<div class=\"col rt-dynamic\">\r\n\t\t\t\t\t\t<div class=\"gallery-item-holder has-overlay\">\r\n\t\t\t\t\t\t\t\r\n\t\t\t\t\t\t\t\t\t\t\t\t\t\t\t<div class=\"image-thumbnail\">\r\n\t\t\t\t\t\t\t\t\t\t\t\t\t\t\t\t<img decoding=\"async\" src=\"https:\/\/agripur.be\/wp-content\/uploads\/2020\/06\/agripur-usine-2-scaled-900x900.jpg\" alt=\"usine Agripur sombreffe purin d&#039;ortie\" width=\"900\" height=\"900\">\r\n\t\t\t\t\t\t\t\t\t\t\t\t\t\t\t<\/div>\r\n\t\t\t\t\t\t\t\t\t\t\t\t\t\t\t\r\n\t\t\t\t\t\t<\/div>\r\n\t\t\t\t\t<\/div>\r\n\t\t\t\t\t<div class=\"col rt-dynamic\">\r\n\t\t\t\t\t\t<div class=\"gallery-item-holder has-overlay\">\r\n\t\t\t\t\t\t\t\r\n\t\t\t\t\t\t\t\t\t\t\t\t\t\t\t<div class=\"image-thumbnail\">\r\n\t\t\t\t\t\t\t\t\t\t\t\t\t\t\t\t<img loading=\"lazy\" decoding=\"async\" src=\"https:\/\/agripur.be\/wp-content\/uploads\/2020\/06\/agripur-usine-3-scaled-900x900.jpg\" alt=\"usine Agripur sombreffe purin d&#039;ortie\" width=\"900\" height=\"900\">\r\n\t\t\t\t\t\t\t\t\t\t\t\t\t\t\t<\/div>\r\n\t\t\t\t\t\t\t\t\t\t\t\t\t\t\t\r\n\t\t\t\t\t\t<\/div>\r\n\t\t\t\t\t<\/div><\/div> \r\n\t\t\t\t\t\t<\/div>\n\t\t\t\t<\/div>\n\t\t\t\t\t<\/div>\n\t\t<\/div>\n\t\t\t\t<div class=\"elementor-column elementor-col-50 elementor-top-column elementor-element elementor-element-13db6408\" data-id=\"13db6408\" data-element_type=\"column\" data-e-type=\"column\">\n\t\t\t<div class=\"elementor-widget-wrap elementor-element-populated\">\n\t\t\t\t\t\t<section class=\"elementor-section elementor-inner-section elementor-element elementor-element-1a408dc2 elementor-section-boxed elementor-section-height-default elementor-section-height-default default-style\" data-id=\"1a408dc2\" data-element_type=\"section\" data-e-type=\"section\" data-settings=\"{&quot;background_background&quot;:&quot;classic&quot;,&quot;rt_color_sets&quot;:&quot;default-style&quot;}\">\n\t\t\t\t\t\t<div class=\"elementor-container elementor-column-gap-default\">\n\t\t\t\t\t<div class=\"elementor-column elementor-col-100 elementor-inner-column elementor-element elementor-element-411804dd\" data-id=\"411804dd\" data-element_type=\"column\" data-e-type=\"column\">\n\t\t\t<div class=\"elementor-widget-wrap elementor-element-populated\">\n\t\t\t\t\t\t<div class=\"elementor-element elementor-element-42ae7d8e elementor-widget elementor-widget-rt-heading\" data-id=\"42ae7d8e\" data-element_type=\"widget\" data-e-type=\"widget\" data-widget_type=\"rt-heading.default\">\n\t\t\t\t<div class=\"elementor-widget-container\">\n\t\t\t\t\t<div class=\"rt-heading-wrapper style-2\">\n\t\t\t\t\t\t<h5 class=\"rt-heading style-2\" >Our Vision<svg width=\"95\" height=\"10\" viewbox=\"0 0 95 10\" xmlns=\"http:\/\/www.w3.org\/2000\/svg\"><path d=\"M1 8l11.54-6 11.538 6 11.54-6 11.538 6 11.538-6 11.54 6L81.77 2 94 8\" stroke-width=\"3\" stroke=\"#6CC139\" fill=\"none\" fill-rule=\"evenodd\"\/><\/svg><\/h5>\n\t\t\t\t\t<\/div>\t\t\t\t<\/div>\n\t\t\t\t<\/div>\n\t\t\t\t<div class=\"elementor-element elementor-element-29810b15 elementor-widget elementor-widget-text-editor\" data-id=\"29810b15\" data-element_type=\"widget\" data-e-type=\"widget\" data-widget_type=\"text-editor.default\">\n\t\t\t\t<div class=\"elementor-widget-container\">\n\t\t\t\t\t\t\t\t\t<p>Listening to your needs and providing you with solutions<\/p>\t\t\t\t\t\t\t\t<\/div>\n\t\t\t\t<\/div>\n\t\t\t\t\t<\/div>\n\t\t<\/div>\n\t\t\t\t\t<\/div>\n\t\t<\/section>\n\t\t\t\t<section class=\"elementor-section elementor-inner-section elementor-element elementor-element-308b37a7 elementor-section-boxed elementor-section-height-default elementor-section-height-default default-style\" data-id=\"308b37a7\" data-element_type=\"section\" data-e-type=\"section\" data-settings=\"{&quot;background_background&quot;:&quot;classic&quot;,&quot;rt_color_sets&quot;:&quot;default-style&quot;}\">\n\t\t\t\t\t\t<div class=\"elementor-container elementor-column-gap-default\">\n\t\t\t\t\t<div class=\"elementor-column elementor-col-100 elementor-inner-column elementor-element elementor-element-764738ab\" data-id=\"764738ab\" data-element_type=\"column\" data-e-type=\"column\">\n\t\t\t<div class=\"elementor-widget-wrap elementor-element-populated\">\n\t\t\t\t\t\t<div class=\"elementor-element elementor-element-5523b0e elementor-widget elementor-widget-rt-heading\" data-id=\"5523b0e\" data-element_type=\"widget\" data-e-type=\"widget\" data-widget_type=\"rt-heading.default\">\n\t\t\t\t<div class=\"elementor-widget-container\">\n\t\t\t\t\t<div class=\"rt-heading-wrapper style-2\">\n\t\t\t\t\t\t<h5 class=\"rt-heading style-2\" >Our Mission<svg width=\"95\" height=\"10\" viewbox=\"0 0 95 10\" xmlns=\"http:\/\/www.w3.org\/2000\/svg\"><path d=\"M1 8l11.54-6 11.538 6 11.54-6 11.538 6 11.538-6 11.54 6L81.77 2 94 8\" stroke-width=\"3\" stroke=\"#6CC139\" fill=\"none\" fill-rule=\"evenodd\"\/><\/svg><\/h5>\n\t\t\t\t\t<\/div>\t\t\t\t<\/div>\n\t\t\t\t<\/div>\n\t\t\t\t<div class=\"elementor-element elementor-element-7616c77b elementor-widget elementor-widget-text-editor\" data-id=\"7616c77b\" data-element_type=\"widget\" data-e-type=\"widget\" data-widget_type=\"text-editor.default\">\n\t\t\t\t<div class=\"elementor-widget-container\">\n\t\t\t\t\t\t\t\t\t<p>Controlling all our production processes, providing quality products and innovating<\/p>\t\t\t\t\t\t\t\t<\/div>\n\t\t\t\t<\/div>\n\t\t\t\t\t<\/div>\n\t\t<\/div>\n\t\t\t\t\t<\/div>\n\t\t<\/section>\n\t\t\t\t\t<\/div>\n\t\t<\/div>\n\t\t\t\t\t<\/div>\n\t\t<\/section>\n\t\t\t\t<section class=\"elementor-section elementor-top-section elementor-element elementor-element-1c6c1d39 elementor-section-content-middle elementor-section-boxed elementor-section-height-default elementor-section-height-default default-style\" data-id=\"1c6c1d39\" data-element_type=\"section\" data-e-type=\"section\" data-settings=\"{&quot;background_background&quot;:&quot;classic&quot;,&quot;rt_color_sets&quot;:&quot;default-style&quot;}\">\n\t\t\t\t\t\t<div class=\"elementor-container elementor-column-gap-default\">\n\t\t\t\t\t<div class=\"elementor-column elementor-col-100 elementor-top-column elementor-element elementor-element-1719e22b\" data-id=\"1719e22b\" data-element_type=\"column\" data-e-type=\"column\">\n\t\t\t<div class=\"elementor-widget-wrap elementor-element-populated\">\n\t\t\t\t\t\t<div class=\"elementor-element elementor-element-6d98d715 elementor-widget elementor-widget-rt-heading\" data-id=\"6d98d715\" data-element_type=\"widget\" data-e-type=\"widget\" data-widget_type=\"rt-heading.default\">\n\t\t\t\t<div class=\"elementor-widget-container\">\n\t\t\t\t\t<div class=\"rt-heading-wrapper text-center\">\n\t\t\t\t\t\t<h4 class=\"rt-heading primary-color secondary-font\" >A unique adventure <\/h4>\n\t\t\t\t\t<\/div>\t\t\t\t<\/div>\n\t\t\t\t<\/div>\n\t\t\t\t<div class=\"elementor-element elementor-element-4f13b635 elementor-widget elementor-widget-rt-heading\" data-id=\"4f13b635\" data-element_type=\"widget\" data-e-type=\"widget\" data-widget_type=\"rt-heading.default\">\n\t\t\t\t<div class=\"elementor-widget-container\">\n\t\t\t\t\t<div class=\"rt-heading-wrapper style-5 text-center\">\n\t\t\t\t\t\t<h3 class=\"rt-heading style-5\" >The future<svg width=\"95\" height=\"10\" viewbox=\"0 0 95 10\" xmlns=\"http:\/\/www.w3.org\/2000\/svg\"><path d=\"M1 8l11.54-6 11.538 6 11.54-6 11.538 6 11.538-6 11.54 6L81.77 2 94 8\" stroke-width=\"3\" stroke=\"#6CC139\" fill=\"none\" fill-rule=\"evenodd\"\/><\/svg><\/h3>\n\t\t\t\t\t<\/div>\t\t\t\t<\/div>\n\t\t\t\t<\/div>\n\t\t\t\t<div class=\"elementor-element elementor-element-6b7473a5 elementor-widget elementor-widget-text-editor\" data-id=\"6b7473a5\" data-element_type=\"widget\" data-e-type=\"widget\" data-widget_type=\"text-editor.default\">\n\t\t\t\t<div class=\"elementor-widget-container\">\n\t\t\t\t\t\t\t\t\t<h3 style=\"text-align: center;\"><em>Because innovation never stops, we are thinking today about the products we will be able to offer you tomorrow. A range of unique products from plants such as garlic and horsetail decoctions will soon be available on the market.<\/em><\/h3>\t\t\t\t\t\t\t\t<\/div>\n\t\t\t\t<\/div>\n\t\t\t\t\t<\/div>\n\t\t<\/div>\n\t\t\t\t\t<\/div>\n\t\t<\/section>\n\t\t\t\t<\/div>","protected":false},"excerpt":{"rendered":"<p>Notre histoire Agripur est un acteur belge actif sur le march\u00e9 des biosolutions et des fertilisants organiques. Fond\u00e9e en 2019, la soci\u00e9t\u00e9 est dirig\u00e9e par un groupe d\u2019agriculteurs innovants qui a pour objectif d\u2019anticiper le retrait progressif des intrants chimiques en d\u00e9veloppant des alternatives cr\u00e9dibles. Parmi elles, l\u2019ortie, un produit naturel poss\u00e9dant de nombreuses vertus [&hellip;]<\/p>\n","protected":false},"author":1,"featured_media":0,"parent":0,"menu_order":0,"comment_status":"closed","ping_status":"closed","template":"","meta":{"footnotes":""},"class_list":["post-5075","page","type-page","status-publish","hentry"],"aioseo_notices":[],"_links":{"self":[{"href":"https:\/\/agripur.be\/en\/wp-json\/wp\/v2\/pages\/5075","targetHints":{"allow":["GET"]}}],"collection":[{"href":"https:\/\/agripur.be\/en\/wp-json\/wp\/v2\/pages"}],"about":[{"href":"https:\/\/agripur.be\/en\/wp-json\/wp\/v2\/types\/page"}],"author":[{"embeddable":true,"href":"https:\/\/agripur.be\/en\/wp-json\/wp\/v2\/users\/1"}],"replies":[{"embeddable":true,"href":"https:\/\/agripur.be\/en\/wp-json\/wp\/v2\/comments?post=5075"}],"version-history":[{"count":71,"href":"https:\/\/agripur.be\/en\/wp-json\/wp\/v2\/pages\/5075\/revisions"}],"predecessor-version":[{"id":8055,"href":"https:\/\/agripur.be\/en\/wp-json\/wp\/v2\/pages\/5075\/revisions\/8055"}],"wp:attachment":[{"href":"https:\/\/agripur.be\/en\/wp-json\/wp\/v2\/media?parent=5075"}],"curies":[{"name":"wp","href":"https:\/\/api.w.org\/{rel}","templated":true}]}}